{"id":222964,"date":"2024-09-29T00:51:01","date_gmt":"2024-09-29T00:51:01","guid":{"rendered":"https:\/\/irankiuzona.lt\/product\/graztas-medziui-9mm\/"},"modified":"2026-04-15T10:10:44","modified_gmt":"2026-04-15T10:10:44","slug":"graztas-medziui-9mm","status":"publish","type":"product","link":"https:\/\/irankiuzona.lt\/ru\/product\/graztas-medziui-9mm\/","title":{"rendered":"Gr\u0105\u017etas med\u017eiui 9mm"},"content":{"rendered":"<p>\u00a0<\/p>","protected":false},"excerpt":{"rendered":"<p>Gr\u0105\u017etas med\u017eiui 9mm\u00a0<\/p>","protected":false},"featured_media":222966,"comment_status":"open","ping_status":"open","template":"","meta":[],"product_cat":[9627],"product_tag":[9628],"class_list":{"0":"post-222964","1":"product","2":"type-product","3":"status-publish","4":"has-post-thumbnail","6":"product_brand-condor-lenkija","7":"product_cat-sraigtiniai-graztai-medziui","8":"product_tag-condor-lenkija","10":"first","11":"outofstock","12":"purchasable","13":"product-type-simple"},"jetpack_sharing_enabled":true,"_links":{"self":[{"href":"https:\/\/irankiuzona.lt\/ru\/wp-json\/wp\/v2\/product\/222964","targetHints":{"allow":["GET"]}}],"collection":[{"href":"https:\/\/irankiuzona.lt\/ru\/wp-json\/wp\/v2\/product"}],"about":[{"href":"https:\/\/irankiuzona.lt\/ru\/wp-json\/wp\/v2\/types\/product"}],"replies":[{"embeddable":true,"href":"https:\/\/irankiuzona.lt\/ru\/wp-json\/wp\/v2\/comments?post=222964"}],"version-history":[{"count":1,"href":"https:\/\/irankiuzona.lt\/ru\/wp-json\/wp\/v2\/product\/222964\/revisions"}],"predecessor-version":[{"id":409804,"href":"https:\/\/irankiuzona.lt\/ru\/wp-json\/wp\/v2\/product\/222964\/revisions\/409804"}],"wp:featuredmedia":[{"embeddable":true,"href":"https:\/\/irankiuzona.lt\/ru\/wp-json\/wp\/v2\/media\/222966"}],"wp:attachment":[{"href":"https:\/\/irankiuzona.lt\/ru\/wp-json\/wp\/v2\/media?parent=222964"}],"wp:term":[{"taxonomy":"product_cat","embeddable":true,"href":"https:\/\/irankiuzona.lt\/ru\/wp-json\/wp\/v2\/product_cat?post=222964"},{"taxonomy":"product_tag","embeddable":true,"href":"https:\/\/irankiuzona.lt\/ru\/wp-json\/wp\/v2\/product_tag?post=222964"}],"curies":[{"name":"wp","href":"https:\/\/api.w.org\/{rel}","templated":true}]}}