{"id":223146,"date":"2024-09-29T01:00:24","date_gmt":"2024-09-29T01:00:24","guid":{"rendered":"https:\/\/irankiuzona.lt\/product\/freza-pirstukine-medziui-291488-mm\/"},"modified":"2026-05-10T05:44:02","modified_gmt":"2026-05-10T05:44:02","slug":"freza-pirstukine-medziui-291488-mm","status":"publish","type":"product","link":"https:\/\/irankiuzona.lt\/ru\/product\/freza-pirstukine-medziui-291488-mm\/","title":{"rendered":"Freza pir\u0161tukin\u0117 med\u017eiui 29*14*8*8 mm"},"content":{"rendered":"<p>Kotelio skersmuo 8 mm<br \/>\nFrezos skersmuo 29 mm<br \/>\nFrezos darbinis ilgis 14 mm<br \/>\nFrezos radius 8 \u2070<\/p>\n<p>2 flute bit.Coving in wood by a ball bearing pilot<\/p>","protected":false},"excerpt":{"rendered":"<p>Med\u017eio pir\u0161tukin\u0117 freza\u00a029*14*8*8 mm<\/p>","protected":false},"featured_media":223148,"comment_status":"open","ping_status":"open","template":"","meta":[],"product_cat":[9458],"product_tag":[9478],"class_list":{"0":"post-223146","1":"product","2":"type-product","3":"status-publish","4":"has-post-thumbnail","6":"product_brand-leman-prancuzija","7":"product_cat-medzio-frezos","8":"product_tag-leman-prancuzija","10":"first","11":"instock","12":"purchasable","13":"product-type-simple"},"jetpack_sharing_enabled":true,"_links":{"self":[{"href":"https:\/\/irankiuzona.lt\/ru\/wp-json\/wp\/v2\/product\/223146","targetHints":{"allow":["GET"]}}],"collection":[{"href":"https:\/\/irankiuzona.lt\/ru\/wp-json\/wp\/v2\/product"}],"about":[{"href":"https:\/\/irankiuzona.lt\/ru\/wp-json\/wp\/v2\/types\/product"}],"replies":[{"embeddable":true,"href":"https:\/\/irankiuzona.lt\/ru\/wp-json\/wp\/v2\/comments?post=223146"}],"version-history":[{"count":1,"href":"https:\/\/irankiuzona.lt\/ru\/wp-json\/wp\/v2\/product\/223146\/revisions"}],"predecessor-version":[{"id":409848,"href":"https:\/\/irankiuzona.lt\/ru\/wp-json\/wp\/v2\/product\/223146\/revisions\/409848"}],"wp:featuredmedia":[{"embeddable":true,"href":"https:\/\/irankiuzona.lt\/ru\/wp-json\/wp\/v2\/media\/223148"}],"wp:attachment":[{"href":"https:\/\/irankiuzona.lt\/ru\/wp-json\/wp\/v2\/media?parent=223146"}],"wp:term":[{"taxonomy":"product_cat","embeddable":true,"href":"https:\/\/irankiuzona.lt\/ru\/wp-json\/wp\/v2\/product_cat?post=223146"},{"taxonomy":"product_tag","embeddable":true,"href":"https:\/\/irankiuzona.lt\/ru\/wp-json\/wp\/v2\/product_tag?post=223146"}],"curies":[{"name":"wp","href":"https:\/\/api.w.org\/{rel}","templated":true}]}}