{"id":223182,"date":"2024-09-29T01:00:27","date_gmt":"2024-09-29T01:00:27","guid":{"rendered":"https:\/\/irankiuzona.lt\/product\/freza-pirstukine-medziui-12712788-mm\/"},"modified":"2026-05-10T05:44:03","modified_gmt":"2026-05-10T05:44:03","slug":"freza-pirstukine-medziui-12712788-mm","status":"publish","type":"product","link":"https:\/\/irankiuzona.lt\/ru\/product\/freza-pirstukine-medziui-12712788-mm\/","title":{"rendered":"Freza pir\u0161tukin\u0117 med\u017eiui 12,7*12,7*8\u00b0*8 mm"},"content":{"rendered":"<p>Kotelio skersmuo 8 mm<br \/>\nFrezos skersmuo 12,7 mm<br \/>\nFrezos darbinis ilgis 12,7 mm<br \/>\nFrezos kampas\u00a08\u00a0\u2070<\/p>\n<p>2 flute bit. Jointing dovetail of wood guided by a ball bearing pilot<\/p>","protected":false},"excerpt":{"rendered":"<p>Med\u017eio pir\u0161tukin\u0117 freza\u00a012,7*12,7*8\u00b0*8 mm<\/p>","protected":false},"featured_media":223184,"comment_status":"open","ping_status":"open","template":"","meta":[],"product_cat":[9458],"product_tag":[9478],"class_list":{"0":"post-223182","1":"product","2":"type-product","3":"status-publish","4":"has-post-thumbnail","6":"product_brand-leman-prancuzija","7":"product_cat-medzio-frezos","8":"product_tag-leman-prancuzija","10":"first","11":"instock","12":"purchasable","13":"product-type-simple"},"jetpack_sharing_enabled":true,"_links":{"self":[{"href":"https:\/\/irankiuzona.lt\/ru\/wp-json\/wp\/v2\/product\/223182","targetHints":{"allow":["GET"]}}],"collection":[{"href":"https:\/\/irankiuzona.lt\/ru\/wp-json\/wp\/v2\/product"}],"about":[{"href":"https:\/\/irankiuzona.lt\/ru\/wp-json\/wp\/v2\/types\/product"}],"replies":[{"embeddable":true,"href":"https:\/\/irankiuzona.lt\/ru\/wp-json\/wp\/v2\/comments?post=223182"}],"version-history":[{"count":1,"href":"https:\/\/irankiuzona.lt\/ru\/wp-json\/wp\/v2\/product\/223182\/revisions"}],"predecessor-version":[{"id":409860,"href":"https:\/\/irankiuzona.lt\/ru\/wp-json\/wp\/v2\/product\/223182\/revisions\/409860"}],"wp:featuredmedia":[{"embeddable":true,"href":"https:\/\/irankiuzona.lt\/ru\/wp-json\/wp\/v2\/media\/223184"}],"wp:attachment":[{"href":"https:\/\/irankiuzona.lt\/ru\/wp-json\/wp\/v2\/media?parent=223182"}],"wp:term":[{"taxonomy":"product_cat","embeddable":true,"href":"https:\/\/irankiuzona.lt\/ru\/wp-json\/wp\/v2\/product_cat?post=223182"},{"taxonomy":"product_tag","embeddable":true,"href":"https:\/\/irankiuzona.lt\/ru\/wp-json\/wp\/v2\/product_tag?post=223182"}],"curies":[{"name":"wp","href":"https:\/\/api.w.org\/{rel}","templated":true}]}}