{"id":223305,"date":"2024-09-29T01:00:43","date_gmt":"2024-09-29T01:00:43","guid":{"rendered":"https:\/\/irankiuzona.lt\/product\/dyzeliniu-purkstuku-diagnostikos-kompl\/"},"modified":"2026-04-12T06:43:28","modified_gmt":"2026-04-12T06:43:28","slug":"dyzeliniu-purkstuku-diagnostikos-kompl","status":"publish","type":"product","link":"https:\/\/irankiuzona.lt\/ru\/product\/dyzeliniu-purkstuku-diagnostikos-kompl\/","title":{"rendered":"Dyzelini\u0173 purk\u0161tuk\u0173 diagnostikos kompl."},"content":{"rendered":"<p>Dyzelini\u0173 purk\u0161tuk\u0173 diagnostikos k-tas<br \/>\nApra\u0161ymas vokie\u010di\u0173 kalba: Fehlerdiagnose durch Messung der Injektor-R\u00fccklaufmengen gleichzeitige Messung von max. 6 Einspritzd\u00fcsen Messung erfolgt entweder \u00fcber direkt anschlie\u00dfbare Messkolben oder \u00fcber Schl\u00e4uche und Messbecher<br \/>\nInhalt: 6 Messkolben 6 Messbecher, jeweils mit Schlauch 70 cm 1 Halteleiste mit Haken 6 Adapter f\u00fcr BOSCH 6 Adapter f\u00fcr SIEMENS 6 Adapter f\u00fcr DENSO 6 Kunststoff-Adapter f\u00fcr DELPHI  \u00a0<\/p>","protected":false},"excerpt":{"rendered":"<p>Dyzelini\u0173 purk\u0161tuk\u0173 diagnostikos kompl.<\/p>","protected":false},"featured_media":223307,"comment_status":"open","ping_status":"open","template":"","meta":[],"product_cat":[9700],"product_tag":[9462],"class_list":{"0":"post-223305","1":"product","2":"type-product","3":"status-publish","4":"has-post-thumbnail","6":"product_brand-condor-werkzeug-vokietija","7":"product_cat-dyzeliniu-purkstuku-diagnostika","8":"product_tag-condor-werkzeug-vokietija","10":"first","11":"instock","12":"purchasable","13":"product-type-simple"},"jetpack_sharing_enabled":true,"_links":{"self":[{"href":"https:\/\/irankiuzona.lt\/ru\/wp-json\/wp\/v2\/product\/223305","targetHints":{"allow":["GET"]}}],"collection":[{"href":"https:\/\/irankiuzona.lt\/ru\/wp-json\/wp\/v2\/product"}],"about":[{"href":"https:\/\/irankiuzona.lt\/ru\/wp-json\/wp\/v2\/types\/product"}],"replies":[{"embeddable":true,"href":"https:\/\/irankiuzona.lt\/ru\/wp-json\/wp\/v2\/comments?post=223305"}],"version-history":[{"count":1,"href":"https:\/\/irankiuzona.lt\/ru\/wp-json\/wp\/v2\/product\/223305\/revisions"}],"predecessor-version":[{"id":409900,"href":"https:\/\/irankiuzona.lt\/ru\/wp-json\/wp\/v2\/product\/223305\/revisions\/409900"}],"wp:featuredmedia":[{"embeddable":true,"href":"https:\/\/irankiuzona.lt\/ru\/wp-json\/wp\/v2\/media\/223307"}],"wp:attachment":[{"href":"https:\/\/irankiuzona.lt\/ru\/wp-json\/wp\/v2\/media?parent=223305"}],"wp:term":[{"taxonomy":"product_cat","embeddable":true,"href":"https:\/\/irankiuzona.lt\/ru\/wp-json\/wp\/v2\/product_cat?post=223305"},{"taxonomy":"product_tag","embeddable":true,"href":"https:\/\/irankiuzona.lt\/ru\/wp-json\/wp\/v2\/product_tag?post=223305"}],"curies":[{"name":"wp","href":"https:\/\/api.w.org\/{rel}","templated":true}]}}