{"id":223400,"date":"2024-09-29T01:00:55","date_gmt":"2024-09-29T01:00:55","guid":{"rendered":"https:\/\/irankiuzona.lt\/product\/sepetys-zalvarinis-200x60x20\/"},"modified":"2026-03-24T05:24:51","modified_gmt":"2026-03-24T05:24:51","slug":"sepetys-zalvarinis-200x60x20","status":"publish","type":"product","link":"https:\/\/irankiuzona.lt\/ru\/product\/sepetys-zalvarinis-200x60x20\/","title":{"rendered":"\u0160epetys \u017ealvarinis 200x60x20"},"content":{"rendered":"<p>Pranc\u016bzija<\/p>","protected":false},"excerpt":{"rendered":"<p>\u0160epetys \u017ealvarinis 200x60x20<\/p>","protected":false},"featured_media":223402,"comment_status":"open","ping_status":"open","template":"","meta":[],"product_cat":[9609],"product_tag":[],"class_list":{"0":"post-223400","1":"product","2":"type-product","3":"status-publish","4":"has-post-thumbnail","6":"product_cat-rankiniai-sepeciai","8":"first","9":"outofstock","10":"purchasable","11":"product-type-simple"},"jetpack_sharing_enabled":true,"_links":{"self":[{"href":"https:\/\/irankiuzona.lt\/ru\/wp-json\/wp\/v2\/product\/223400","targetHints":{"allow":["GET"]}}],"collection":[{"href":"https:\/\/irankiuzona.lt\/ru\/wp-json\/wp\/v2\/product"}],"about":[{"href":"https:\/\/irankiuzona.lt\/ru\/wp-json\/wp\/v2\/types\/product"}],"replies":[{"embeddable":true,"href":"https:\/\/irankiuzona.lt\/ru\/wp-json\/wp\/v2\/comments?post=223400"}],"version-history":[{"count":0,"href":"https:\/\/irankiuzona.lt\/ru\/wp-json\/wp\/v2\/product\/223400\/revisions"}],"wp:featuredmedia":[{"embeddable":true,"href":"https:\/\/irankiuzona.lt\/ru\/wp-json\/wp\/v2\/media\/223402"}],"wp:attachment":[{"href":"https:\/\/irankiuzona.lt\/ru\/wp-json\/wp\/v2\/media?parent=223400"}],"wp:term":[{"taxonomy":"product_cat","embeddable":true,"href":"https:\/\/irankiuzona.lt\/ru\/wp-json\/wp\/v2\/product_cat?post=223400"},{"taxonomy":"product_tag","embeddable":true,"href":"https:\/\/irankiuzona.lt\/ru\/wp-json\/wp\/v2\/product_tag?post=223400"}],"curies":[{"name":"wp","href":"https:\/\/api.w.org\/{rel}","templated":true}]}}