{"id":223403,"date":"2024-09-29T01:00:55","date_gmt":"2024-09-29T01:00:55","guid":{"rendered":"https:\/\/irankiuzona.lt\/product\/sepetys-zalvarinis-295x135x25\/"},"modified":"2026-03-24T05:24:52","modified_gmt":"2026-03-24T05:24:52","slug":"sepetys-zalvarinis-295x135x25","status":"publish","type":"product","link":"https:\/\/irankiuzona.lt\/ru\/product\/sepetys-zalvarinis-295x135x25\/","title":{"rendered":"\u0160epetys \u017ealvarinis 295x135x25"},"content":{"rendered":"<p>Pranc\u016bzija<\/p>","protected":false},"excerpt":{"rendered":"<p>\u0160epetys \u017ealvarinis 295x135x25<\/p>","protected":false},"featured_media":223405,"comment_status":"open","ping_status":"open","template":"","meta":[],"product_cat":[9609],"product_tag":[9478],"class_list":{"0":"post-223403","1":"product","2":"type-product","3":"status-publish","4":"has-post-thumbnail","6":"product_brand-leman-prancuzija","7":"product_cat-rankiniai-sepeciai","8":"product_tag-leman-prancuzija","10":"first","11":"outofstock","12":"purchasable","13":"product-type-simple"},"jetpack_sharing_enabled":true,"_links":{"self":[{"href":"https:\/\/irankiuzona.lt\/ru\/wp-json\/wp\/v2\/product\/223403","targetHints":{"allow":["GET"]}}],"collection":[{"href":"https:\/\/irankiuzona.lt\/ru\/wp-json\/wp\/v2\/product"}],"about":[{"href":"https:\/\/irankiuzona.lt\/ru\/wp-json\/wp\/v2\/types\/product"}],"replies":[{"embeddable":true,"href":"https:\/\/irankiuzona.lt\/ru\/wp-json\/wp\/v2\/comments?post=223403"}],"version-history":[{"count":0,"href":"https:\/\/irankiuzona.lt\/ru\/wp-json\/wp\/v2\/product\/223403\/revisions"}],"wp:featuredmedia":[{"embeddable":true,"href":"https:\/\/irankiuzona.lt\/ru\/wp-json\/wp\/v2\/media\/223405"}],"wp:attachment":[{"href":"https:\/\/irankiuzona.lt\/ru\/wp-json\/wp\/v2\/media?parent=223403"}],"wp:term":[{"taxonomy":"product_cat","embeddable":true,"href":"https:\/\/irankiuzona.lt\/ru\/wp-json\/wp\/v2\/product_cat?post=223403"},{"taxonomy":"product_tag","embeddable":true,"href":"https:\/\/irankiuzona.lt\/ru\/wp-json\/wp\/v2\/product_tag?post=223403"}],"curies":[{"name":"wp","href":"https:\/\/api.w.org\/{rel}","templated":true}]}}