{"id":223507,"date":"2024-09-29T01:10:04","date_gmt":"2024-09-29T01:10:04","guid":{"rendered":"https:\/\/irankiuzona.lt\/product\/smagracio-blokavimo-irankis-250-mm\/"},"modified":"2026-04-04T17:23:01","modified_gmt":"2026-04-04T17:23:01","slug":"smagracio-blokavimo-irankis-250-mm","status":"publish","type":"product","link":"https:\/\/irankiuzona.lt\/ru\/product\/smagracio-blokavimo-irankis-250-mm\/","title":{"rendered":"Smagra\u010dio blokavimo \u012frankis 250 mm"},"content":{"rendered":"<p>Ilgis\u00a0250 mm  Apra\u0161ymas vokie\u010di\u0173 kalba:<br \/>\n\u2022 zur Montage und Demontage der Schwungscheibe oder Kupplungsbel\u00e4gen  \u2022 L\u00e4nge 250 mm<\/p>","protected":false},"excerpt":{"rendered":"<p>Smagra\u010dio blokavimo \u012frankis 250 mm<\/p>","protected":false},"featured_media":223509,"comment_status":"open","ping_status":"open","template":"","meta":[],"product_cat":[9690],"product_tag":[9462],"class_list":{"0":"post-223507","1":"product","2":"type-product","3":"status-publish","4":"has-post-thumbnail","6":"product_brand-condor-werkzeug-vokietija","7":"product_cat-irankiai-smagraciui","8":"product_tag-condor-werkzeug-vokietija","10":"first","11":"instock","12":"purchasable","13":"product-type-simple"},"jetpack_sharing_enabled":true,"_links":{"self":[{"href":"https:\/\/irankiuzona.lt\/ru\/wp-json\/wp\/v2\/product\/223507","targetHints":{"allow":["GET"]}}],"collection":[{"href":"https:\/\/irankiuzona.lt\/ru\/wp-json\/wp\/v2\/product"}],"about":[{"href":"https:\/\/irankiuzona.lt\/ru\/wp-json\/wp\/v2\/types\/product"}],"replies":[{"embeddable":true,"href":"https:\/\/irankiuzona.lt\/ru\/wp-json\/wp\/v2\/comments?post=223507"}],"version-history":[{"count":0,"href":"https:\/\/irankiuzona.lt\/ru\/wp-json\/wp\/v2\/product\/223507\/revisions"}],"wp:featuredmedia":[{"embeddable":true,"href":"https:\/\/irankiuzona.lt\/ru\/wp-json\/wp\/v2\/media\/223509"}],"wp:attachment":[{"href":"https:\/\/irankiuzona.lt\/ru\/wp-json\/wp\/v2\/media?parent=223507"}],"wp:term":[{"taxonomy":"product_cat","embeddable":true,"href":"https:\/\/irankiuzona.lt\/ru\/wp-json\/wp\/v2\/product_cat?post=223507"},{"taxonomy":"product_tag","embeddable":true,"href":"https:\/\/irankiuzona.lt\/ru\/wp-json\/wp\/v2\/product_tag?post=223507"}],"curies":[{"name":"wp","href":"https:\/\/api.w.org\/{rel}","templated":true}]}}