{"id":223543,"date":"2024-09-29T01:10:08","date_gmt":"2024-09-29T01:10:08","guid":{"rendered":"https:\/\/irankiuzona.lt\/product\/smugine-galvute-e24-man-tga\/"},"modified":"2026-04-07T01:31:31","modified_gmt":"2026-04-07T01:31:31","slug":"smugine-galvute-e24-man-tga","status":"publish","type":"product","link":"https:\/\/irankiuzona.lt\/ru\/product\/smugine-galvute-e24-man-tga\/","title":{"rendered":"Sm\u016bgin\u0117 galvut\u0117 E24 (MAN TGA)"},"content":{"rendered":"<p>Galvut\u0117 E24 sm\u016bgin\u0117\u00a0Galas raktui\/galvutei &#8211;\u00a030 mmAuk\u0161tis &#8211; 40 mm MAN TGA stabd\u017ei\u0173 sistemai (sunkve\u017eimiams)<\/p>","protected":false},"excerpt":{"rendered":"<p>Galvut\u0117 E-24 sm\u016bgin\u0117 Cr-Mo (MAN TGA stabd\u017eiams)<\/p>","protected":false},"featured_media":223545,"comment_status":"open","ping_status":"open","template":"","meta":[],"product_cat":[9743],"product_tag":[9462],"class_list":{"0":"post-223543","1":"product","2":"type-product","3":"status-publish","4":"has-post-thumbnail","6":"product_brand-condor-werkzeug-vokietija","7":"product_cat-cr-mo-smugines-galvutes-e-profil-torx","8":"product_tag-condor-werkzeug-vokietija","10":"first","11":"instock","12":"purchasable","13":"product-type-simple"},"jetpack_sharing_enabled":true,"_links":{"self":[{"href":"https:\/\/irankiuzona.lt\/ru\/wp-json\/wp\/v2\/product\/223543","targetHints":{"allow":["GET"]}}],"collection":[{"href":"https:\/\/irankiuzona.lt\/ru\/wp-json\/wp\/v2\/product"}],"about":[{"href":"https:\/\/irankiuzona.lt\/ru\/wp-json\/wp\/v2\/types\/product"}],"replies":[{"embeddable":true,"href":"https:\/\/irankiuzona.lt\/ru\/wp-json\/wp\/v2\/comments?post=223543"}],"version-history":[{"count":0,"href":"https:\/\/irankiuzona.lt\/ru\/wp-json\/wp\/v2\/product\/223543\/revisions"}],"wp:featuredmedia":[{"embeddable":true,"href":"https:\/\/irankiuzona.lt\/ru\/wp-json\/wp\/v2\/media\/223545"}],"wp:attachment":[{"href":"https:\/\/irankiuzona.lt\/ru\/wp-json\/wp\/v2\/media?parent=223543"}],"wp:term":[{"taxonomy":"product_cat","embeddable":true,"href":"https:\/\/irankiuzona.lt\/ru\/wp-json\/wp\/v2\/product_cat?post=223543"},{"taxonomy":"product_tag","embeddable":true,"href":"https:\/\/irankiuzona.lt\/ru\/wp-json\/wp\/v2\/product_tag?post=223543"}],"curies":[{"name":"wp","href":"https:\/\/api.w.org\/{rel}","templated":true}]}}