{"id":223670,"date":"2024-09-29T01:10:21","date_gmt":"2024-09-29T01:10:21","guid":{"rendered":"https:\/\/irankiuzona.lt\/product\/irankis-voztuvu-nuspaudimui-citroen-peugeot\/"},"modified":"2026-05-16T15:46:03","modified_gmt":"2026-05-16T15:46:03","slug":"irankis-voztuvu-nuspaudimui-citroen-peugeot","status":"publish","type":"product","link":"https:\/\/irankiuzona.lt\/ru\/product\/irankis-voztuvu-nuspaudimui-citroen-peugeot\/","title":{"rendered":"\u012erankis vo\u017etuv\u0173 nuspaudimui (Citroen, Peugeot)"},"content":{"rendered":"<p>Tinka:<br \/>\n\u2022 1,0 , 1,1 , 1,4 , 1,6 benzininiai varikliai \u2022 Citroen : Berlingo, Xsara \u2022 Peugeot 106 , 205, 206, 306, 307, 405  \u2022 Variklio tipas TU9M , kodai CDY CDZ \u2022 Variklio tipas TU1M +, kodai HDY HDZ \u2022 Variklio tipas TU3M \/ Z ,kodai KDX KDY KDZ  \u2022 Variklio tipas TU3JP , kodai KFW KFX \u2022 Variklio tipas TU3FJ2 , kodai KFY KFZ \u2022 Variklio tipas TU5JP , kodai NFZ     Technische Daten:  L\u00e4nge 390 mm  Breite 125 mm  H\u00f6he 50 mm  Gewicht 2,500 kg<\/p>","protected":false},"excerpt":{"rendered":"<p>\u012erankis vo\u017etuv\u0173 nuspaudimui (Citroen, Peugeot)<\/p>","protected":false},"featured_media":223672,"comment_status":"open","ping_status":"open","template":"","meta":[],"product_cat":[9538],"product_tag":[9462],"class_list":{"0":"post-223670","1":"product","2":"type-product","3":"status-publish","4":"has-post-thumbnail","6":"product_brand-condor-werkzeug-vokietija","7":"product_cat-irankiai-voztuvams","8":"product_tag-condor-werkzeug-vokietija","10":"first","11":"instock","12":"purchasable","13":"product-type-simple"},"jetpack_sharing_enabled":true,"_links":{"self":[{"href":"https:\/\/irankiuzona.lt\/ru\/wp-json\/wp\/v2\/product\/223670","targetHints":{"allow":["GET"]}}],"collection":[{"href":"https:\/\/irankiuzona.lt\/ru\/wp-json\/wp\/v2\/product"}],"about":[{"href":"https:\/\/irankiuzona.lt\/ru\/wp-json\/wp\/v2\/types\/product"}],"replies":[{"embeddable":true,"href":"https:\/\/irankiuzona.lt\/ru\/wp-json\/wp\/v2\/comments?post=223670"}],"version-history":[{"count":1,"href":"https:\/\/irankiuzona.lt\/ru\/wp-json\/wp\/v2\/product\/223670\/revisions"}],"predecessor-version":[{"id":410008,"href":"https:\/\/irankiuzona.lt\/ru\/wp-json\/wp\/v2\/product\/223670\/revisions\/410008"}],"wp:featuredmedia":[{"embeddable":true,"href":"https:\/\/irankiuzona.lt\/ru\/wp-json\/wp\/v2\/media\/223672"}],"wp:attachment":[{"href":"https:\/\/irankiuzona.lt\/ru\/wp-json\/wp\/v2\/media?parent=223670"}],"wp:term":[{"taxonomy":"product_cat","embeddable":true,"href":"https:\/\/irankiuzona.lt\/ru\/wp-json\/wp\/v2\/product_cat?post=223670"},{"taxonomy":"product_tag","embeddable":true,"href":"https:\/\/irankiuzona.lt\/ru\/wp-json\/wp\/v2\/product_tag?post=223670"}],"curies":[{"name":"wp","href":"https:\/\/api.w.org\/{rel}","templated":true}]}}