{"id":223678,"date":"2024-09-29T01:10:22","date_gmt":"2024-09-29T01:10:22","guid":{"rendered":"https:\/\/irankiuzona.lt\/product\/skriemulio-nuemejas-65-90mm\/"},"modified":"2026-05-16T17:37:10","modified_gmt":"2026-05-16T17:37:10","slug":"skriemulio-nuemejas-65-90mm","status":"publish","type":"product","link":"https:\/\/irankiuzona.lt\/ru\/product\/skriemulio-nuemejas-65-90mm\/","title":{"rendered":"Skriemulio nu\u0117m\u0117jas 65-90mm"},"content":{"rendered":"<p>Skriemulio nu\u0117miklis Atstumas 90 mm, auk\u0161tis 30 mm  Apra\u0161ymas vokie\u010di\u0173 kalba:  \u2022 f\u00fcr Nockenwellenr\u00e4der, Einspritzpumpenr\u00e4der etc. \u2022 kompakte Bauweise f\u00fcr enge Platzverh\u00e4ltnisse  \u2022 universell einsetzbar durch unterschiedliche Lochteilungen<\/p>","protected":false},"excerpt":{"rendered":"<p>Skriemulio nu\u0117m\u0117jas 65-90mm<\/p>","protected":false},"featured_media":223680,"comment_status":"open","ping_status":"open","template":"","meta":[],"product_cat":[9532],"product_tag":[9462],"class_list":{"0":"post-223678","1":"product","2":"type-product","3":"status-publish","4":"has-post-thumbnail","6":"product_brand-condor-werkzeug-vokietija","7":"product_cat-irankiai-skriemuliui","8":"product_tag-condor-werkzeug-vokietija","10":"first","11":"instock","12":"purchasable","13":"product-type-simple"},"jetpack_sharing_enabled":true,"_links":{"self":[{"href":"https:\/\/irankiuzona.lt\/ru\/wp-json\/wp\/v2\/product\/223678","targetHints":{"allow":["GET"]}}],"collection":[{"href":"https:\/\/irankiuzona.lt\/ru\/wp-json\/wp\/v2\/product"}],"about":[{"href":"https:\/\/irankiuzona.lt\/ru\/wp-json\/wp\/v2\/types\/product"}],"replies":[{"embeddable":true,"href":"https:\/\/irankiuzona.lt\/ru\/wp-json\/wp\/v2\/comments?post=223678"}],"version-history":[{"count":1,"href":"https:\/\/irankiuzona.lt\/ru\/wp-json\/wp\/v2\/product\/223678\/revisions"}],"predecessor-version":[{"id":410011,"href":"https:\/\/irankiuzona.lt\/ru\/wp-json\/wp\/v2\/product\/223678\/revisions\/410011"}],"wp:featuredmedia":[{"embeddable":true,"href":"https:\/\/irankiuzona.lt\/ru\/wp-json\/wp\/v2\/media\/223680"}],"wp:attachment":[{"href":"https:\/\/irankiuzona.lt\/ru\/wp-json\/wp\/v2\/media?parent=223678"}],"wp:term":[{"taxonomy":"product_cat","embeddable":true,"href":"https:\/\/irankiuzona.lt\/ru\/wp-json\/wp\/v2\/product_cat?post=223678"},{"taxonomy":"product_tag","embeddable":true,"href":"https:\/\/irankiuzona.lt\/ru\/wp-json\/wp\/v2\/product_tag?post=223678"}],"curies":[{"name":"wp","href":"https:\/\/api.w.org\/{rel}","templated":true}]}}