{"id":223687,"date":"2024-09-29T01:10:23","date_gmt":"2024-09-29T01:10:23","guid":{"rendered":"https:\/\/irankiuzona.lt\/product\/voztuvu-rieboksliu-keitimo-irankis-13-daliu\/"},"modified":"2026-05-16T23:13:18","modified_gmt":"2026-05-16T23:13:18","slug":"voztuvu-rieboksliu-keitimo-irankis-13-daliu","status":"publish","type":"product","link":"https:\/\/irankiuzona.lt\/ru\/product\/voztuvu-rieboksliu-keitimo-irankis-13-daliu\/","title":{"rendered":"Vo\u017etuv\u0173 riebok\u0161li\u0173 keitimo \u012frankis 13 dali\u0173"},"content":{"rendered":"<p>Vo\u017etuv\u0173 riebok\u0161li\u0173 keitimo \u012frankis 13 dali\u0173   Apra\u0161ymas vokie\u010di\u0173 kalba:  Montagesatz f\u00fcr Ventilfedern  \u2022 zum Ein- und Ausbau von Ventilfedern, Schaftdichtungen und Ventilkeilen \u2022 durch mitgelieferte Druckluft-Adapter f\u00e4llt kein Ventil zur\u00fcck in den Zylinder \u2022 geeignet f\u00fcr Benzin- und Diesel-Motoren<br \/>\n1 Traverse  2 Halter f\u00fcr Traverse 1 flexibler Druckluftanschlu\u00df (14 + 18 mm Gewinde) 1 Druckhebel  1 Ausdr\u00fcckwerkzeug  1 Magnetwerkzeug f\u00fcr Ventilkeile 1 Druckluft-Z\u00fcndkerzenadapter (14 + 18 mm Gewinde) 1 Druckluft-Dieseleinspritzd\u00fcsen-Adapter 4 Druckluftanschl\u00fcsse  Apra\u0161ymas rus\u0173 kalba: \u0420\u0430\u0441\u0441\u0443\u0445\u0430\u0440\u0438\u0432\u0430\u0442\u0435\u043b\u044c \u0441\u0441\u0443\u0445\u0430\u0440\u0438\u0432\u0430\u0442\u0435\u043b\u044c \u0443\u043d\u0438\u0432\u0435\u0440\u0441\u0430\u043b\u044c\u043d\u044b\u0439, \u0431\u0435\u0437 \u0441\u043d\u044f\u0442\u0438\u044f \u0433\u043e\u043b\u043e\u0432\u043a\u0438 \u0431\u043b\u043e\u043a\u0430. \u0423\u043d\u0438\u0432\u0435\u0440\u0441\u0430\u043b\u044c\u043d\u043e\u0435\u00a0\u043f\u0440\u0438\u0441\u043f\u043e\u0441\u043e\u0431\u043b\u0435\u043d\u0438\u0435 \u0434\u043b\u044f \u0441\u043d\u044f\u0442\u0438\u044f \u0438 \u0443\u0441\u0442\u0430\u043d\u043e\u0432\u043a\u0438 \u043a\u043b\u0430\u043f\u0430\u043d\u043e\u0432, \u043a\u0430\u043a \u043d\u0430 \u0441\u043d\u044f\u0442\u043e\u0439, \u0442\u0430\u043a \u0438 \u043d\u0430 \u0443\u0441\u0442\u0430\u043d\u043e\u0432\u043b\u0435\u043d\u043d\u043e\u0439 \u0433\u043e\u043b\u043e\u0432\u043a\u0435 \u0431\u043b\u043e\u043a\u0430. \u041f\u0440\u0438 \u0443\u0441\u0442\u0430\u043d\u043e\u0432\u043b\u0435\u043d\u043d\u043e\u0439 \u0433\u043e\u043b\u043e\u0432\u043a\u0435 \u0431\u043b\u043e\u043a\u0430 \u0441\u043e\u0437\u0434\u0430\u0435\u0442 \u0434\u0430\u0432\u043b\u0435\u043d\u0438\u0435 \u0432 \u043a\u0430\u043c\u0435\u0440\u0435 \u0441\u0433\u043e\u0440\u0430\u043d\u0438\u044f \u0441\u0436\u0430\u0442\u044b\u043c \u0432\u043e\u0437\u0434\u0443\u0445\u043e\u043c \u043f\u0440\u0438 \u043f\u043e\u043c\u043e\u0449\u0438 \u0443\u043d\u0438\u0432\u0435\u0440\u0441\u0430\u043b\u044c\u043d\u044b\u0445 \u043f\u043d\u0435\u0432\u043c\u0430\u0442\u0438\u0447\u0435\u0441\u043a\u0438\u0445 \u0430\u0434\u0430\u043f\u0442\u0435\u0440\u043e\u0432 \u043d\u0430 \u0431\u0435\u043d\u0437\u0438\u043d\u043e\u0432\u044b\u0445 \u0438 \u043d\u0430 \u0434\u0438\u0437\u0435\u043b\u044c\u043d\u044b\u0445 \u0434\u0432\u0438\u0433\u0430\u0442\u0435\u043b\u044f\u0445.<\/p>","protected":false},"excerpt":{"rendered":"<p>Vo\u017etuv\u0173 riebok\u0161li\u0173 keitimo \u012frankis 13 dali\u0173<\/p>","protected":false},"featured_media":223689,"comment_status":"open","ping_status":"open","template":"","meta":[],"product_cat":[9538],"product_tag":[9462],"class_list":{"0":"post-223687","1":"product","2":"type-product","3":"status-publish","4":"has-post-thumbnail","6":"product_brand-condor-werkzeug-vokietija","7":"product_cat-irankiai-voztuvams","8":"product_tag-condor-werkzeug-vokietija","10":"first","11":"instock","12":"purchasable","13":"product-type-simple"},"jetpack_sharing_enabled":true,"_links":{"self":[{"href":"https:\/\/irankiuzona.lt\/ru\/wp-json\/wp\/v2\/product\/223687","targetHints":{"allow":["GET"]}}],"collection":[{"href":"https:\/\/irankiuzona.lt\/ru\/wp-json\/wp\/v2\/product"}],"about":[{"href":"https:\/\/irankiuzona.lt\/ru\/wp-json\/wp\/v2\/types\/product"}],"replies":[{"embeddable":true,"href":"https:\/\/irankiuzona.lt\/ru\/wp-json\/wp\/v2\/comments?post=223687"}],"version-history":[{"count":1,"href":"https:\/\/irankiuzona.lt\/ru\/wp-json\/wp\/v2\/product\/223687\/revisions"}],"predecessor-version":[{"id":410014,"href":"https:\/\/irankiuzona.lt\/ru\/wp-json\/wp\/v2\/product\/223687\/revisions\/410014"}],"wp:featuredmedia":[{"embeddable":true,"href":"https:\/\/irankiuzona.lt\/ru\/wp-json\/wp\/v2\/media\/223689"}],"wp:attachment":[{"href":"https:\/\/irankiuzona.lt\/ru\/wp-json\/wp\/v2\/media?parent=223687"}],"wp:term":[{"taxonomy":"product_cat","embeddable":true,"href":"https:\/\/irankiuzona.lt\/ru\/wp-json\/wp\/v2\/product_cat?post=223687"},{"taxonomy":"product_tag","embeddable":true,"href":"https:\/\/irankiuzona.lt\/ru\/wp-json\/wp\/v2\/product_tag?post=223687"}],"curies":[{"name":"wp","href":"https:\/\/api.w.org\/{rel}","templated":true}]}}