{"id":223727,"date":"2024-09-29T01:10:27","date_gmt":"2024-09-29T01:10:27","guid":{"rendered":"https:\/\/irankiuzona.lt\/product\/smuginiu-atsuktuvu-komplektas-10daliu\/"},"modified":"2025-05-21T04:35:22","modified_gmt":"2025-05-21T04:35:22","slug":"smuginiu-atsuktuvu-komplektas-10daliu","status":"publish","type":"product","link":"https:\/\/irankiuzona.lt\/ru\/product\/smuginiu-atsuktuvu-komplektas-10daliu\/","title":{"rendered":"Sm\u016bgini\u0173 atsuktuv\u0173 komplektas 10dali\u0173"},"content":{"rendered":"<p>Komplekte:(-) SL6,5 x 38mm\u00a0(-) SL5,5 x 100mm(-) SL6,5 x 125mm(-) SL8 x 150mm(-) SL9,5 x 175mm(+) PH2 x 38mm(+) PH1 x 75mm(+) PH2 x 100mm(+) PH3 x 125mmMagnetas teleskopinis (180mm-540mm)<\/p>","protected":false},"excerpt":{"rendered":"<p>Sm\u016bgini\u0173 atsuktuv\u0173 komplektas 10dali\u0173<\/p>","protected":false},"featured_media":223729,"comment_status":"open","ping_status":"open","template":"","meta":[],"product_cat":[9593],"product_tag":[9462],"class_list":{"0":"post-223727","1":"product","2":"type-product","3":"status-publish","4":"has-post-thumbnail","6":"product_brand-condor-werkzeug-vokietija","7":"product_cat-atsuktuvu-komplektai","8":"product_tag-condor-werkzeug-vokietija","10":"first","11":"outofstock","12":"purchasable","13":"product-type-simple"},"jetpack_sharing_enabled":true,"_links":{"self":[{"href":"https:\/\/irankiuzona.lt\/ru\/wp-json\/wp\/v2\/product\/223727","targetHints":{"allow":["GET"]}}],"collection":[{"href":"https:\/\/irankiuzona.lt\/ru\/wp-json\/wp\/v2\/product"}],"about":[{"href":"https:\/\/irankiuzona.lt\/ru\/wp-json\/wp\/v2\/types\/product"}],"replies":[{"embeddable":true,"href":"https:\/\/irankiuzona.lt\/ru\/wp-json\/wp\/v2\/comments?post=223727"}],"version-history":[{"count":0,"href":"https:\/\/irankiuzona.lt\/ru\/wp-json\/wp\/v2\/product\/223727\/revisions"}],"wp:featuredmedia":[{"embeddable":true,"href":"https:\/\/irankiuzona.lt\/ru\/wp-json\/wp\/v2\/media\/223729"}],"wp:attachment":[{"href":"https:\/\/irankiuzona.lt\/ru\/wp-json\/wp\/v2\/media?parent=223727"}],"wp:term":[{"taxonomy":"product_cat","embeddable":true,"href":"https:\/\/irankiuzona.lt\/ru\/wp-json\/wp\/v2\/product_cat?post=223727"},{"taxonomy":"product_tag","embeddable":true,"href":"https:\/\/irankiuzona.lt\/ru\/wp-json\/wp\/v2\/product_tag?post=223727"}],"curies":[{"name":"wp","href":"https:\/\/api.w.org\/{rel}","templated":true}]}}