{"id":223745,"date":"2024-09-29T01:10:29","date_gmt":"2024-09-29T01:10:29","guid":{"rendered":"https:\/\/irankiuzona.lt\/product\/sriegimo-komplektas-45-vnt\/"},"modified":"2026-05-16T15:46:07","modified_gmt":"2026-05-16T15:46:07","slug":"sriegimo-komplektas-45-vnt","status":"publish","type":"product","link":"https:\/\/irankiuzona.lt\/ru\/product\/sriegimo-komplektas-45-vnt\/","title":{"rendered":"Sriegimo komplektas 45 vnt."},"content":{"rendered":"<p>Sriegikli\u0173 ir sriegpjovi\u0173 komplektas 45 dali\u0173\u00a0Komplekte 1 sriegpjov\u0117 + 1 sriegiklis: M6 x 0.75, M6 x 1.00 M8 x 1.00, M8 x 1.25 M10 x 1.25, M10 x 1.50 M12 x 1.50, M12 x 1.75 M14 x 1.50, M14 x 2.00 M16 x 1.50, M16 x 2.00 M18 x 1.50, M18 x 2.50 M20 x 1.50, M20 x 2.50 M22 x 1.50, M22 x 2.50 M24 x 1.50, M24 x 3.00  Pagaminta i\u0161 Volframo plieno<\/p>","protected":false},"excerpt":{"rendered":"<p>Sriegimo \u012franki\u0173 komplektas \/ sriegikliai + sriegpjov\u0117s \/ 45 vnt.<\/p>","protected":false},"featured_media":223747,"comment_status":"open","ping_status":"open","template":"","meta":[],"product_cat":[9546],"product_tag":[9462],"class_list":{"0":"post-223745","1":"product","2":"type-product","3":"status-publish","4":"has-post-thumbnail","6":"product_brand-condor-werkzeug-vokietija","7":"product_cat-sriegikliu-ir-sriegpjoviu-komplektai","8":"product_tag-condor-werkzeug-vokietija","10":"first","11":"instock","12":"purchasable","13":"product-type-simple"},"jetpack_sharing_enabled":true,"_links":{"self":[{"href":"https:\/\/irankiuzona.lt\/ru\/wp-json\/wp\/v2\/product\/223745","targetHints":{"allow":["GET"]}}],"collection":[{"href":"https:\/\/irankiuzona.lt\/ru\/wp-json\/wp\/v2\/product"}],"about":[{"href":"https:\/\/irankiuzona.lt\/ru\/wp-json\/wp\/v2\/types\/product"}],"replies":[{"embeddable":true,"href":"https:\/\/irankiuzona.lt\/ru\/wp-json\/wp\/v2\/comments?post=223745"}],"version-history":[{"count":1,"href":"https:\/\/irankiuzona.lt\/ru\/wp-json\/wp\/v2\/product\/223745\/revisions"}],"predecessor-version":[{"id":410030,"href":"https:\/\/irankiuzona.lt\/ru\/wp-json\/wp\/v2\/product\/223745\/revisions\/410030"}],"wp:featuredmedia":[{"embeddable":true,"href":"https:\/\/irankiuzona.lt\/ru\/wp-json\/wp\/v2\/media\/223747"}],"wp:attachment":[{"href":"https:\/\/irankiuzona.lt\/ru\/wp-json\/wp\/v2\/media?parent=223745"}],"wp:term":[{"taxonomy":"product_cat","embeddable":true,"href":"https:\/\/irankiuzona.lt\/ru\/wp-json\/wp\/v2\/product_cat?post=223745"},{"taxonomy":"product_tag","embeddable":true,"href":"https:\/\/irankiuzona.lt\/ru\/wp-json\/wp\/v2\/product_tag?post=223745"}],"curies":[{"name":"wp","href":"https:\/\/api.w.org\/{rel}","templated":true}]}}