{"id":223975,"date":"2024-09-29T01:10:51","date_gmt":"2024-09-29T01:10:51","guid":{"rendered":"https:\/\/irankiuzona.lt\/product\/gelezte-pjuklui-bimetal-180mm\/"},"modified":"2026-03-24T05:33:45","modified_gmt":"2026-03-24T05:33:45","slug":"gelezte-pjuklui-bimetal-180mm","status":"publish","type":"product","link":"https:\/\/irankiuzona.lt\/ru\/product\/gelezte-pjuklui-bimetal-180mm\/","title":{"rendered":"Gele\u017et\u0117 pj\u016bklui Bimetal \/ 180mm"},"content":{"rendered":"<p>SABER SAW BLADESVariable pitch, straight and flush cut in wood with nails, metal sheet and plastic.<\/p>","protected":false},"excerpt":{"rendered":"<p>Gele\u017et\u0117 pj\u016bklui Bimetal \/ medienai, metalui \/ 180mm<\/p>","protected":false},"featured_media":223977,"comment_status":"open","ping_status":"open","template":"","meta":[],"product_cat":[9624],"product_tag":[9478],"class_list":{"0":"post-223975","1":"product","2":"type-product","3":"status-publish","4":"has-post-thumbnail","6":"product_brand-leman-prancuzija","7":"product_cat-geleztes-medziui","8":"product_tag-leman-prancuzija","10":"first","11":"outofstock","12":"purchasable","13":"product-type-simple"},"jetpack_sharing_enabled":true,"_links":{"self":[{"href":"https:\/\/irankiuzona.lt\/ru\/wp-json\/wp\/v2\/product\/223975","targetHints":{"allow":["GET"]}}],"collection":[{"href":"https:\/\/irankiuzona.lt\/ru\/wp-json\/wp\/v2\/product"}],"about":[{"href":"https:\/\/irankiuzona.lt\/ru\/wp-json\/wp\/v2\/types\/product"}],"replies":[{"embeddable":true,"href":"https:\/\/irankiuzona.lt\/ru\/wp-json\/wp\/v2\/comments?post=223975"}],"version-history":[{"count":0,"href":"https:\/\/irankiuzona.lt\/ru\/wp-json\/wp\/v2\/product\/223975\/revisions"}],"wp:featuredmedia":[{"embeddable":true,"href":"https:\/\/irankiuzona.lt\/ru\/wp-json\/wp\/v2\/media\/223977"}],"wp:attachment":[{"href":"https:\/\/irankiuzona.lt\/ru\/wp-json\/wp\/v2\/media?parent=223975"}],"wp:term":[{"taxonomy":"product_cat","embeddable":true,"href":"https:\/\/irankiuzona.lt\/ru\/wp-json\/wp\/v2\/product_cat?post=223975"},{"taxonomy":"product_tag","embeddable":true,"href":"https:\/\/irankiuzona.lt\/ru\/wp-json\/wp\/v2\/product_tag?post=223975"}],"curies":[{"name":"wp","href":"https:\/\/api.w.org\/{rel}","templated":true}]}}