{"id":223986,"date":"2024-09-29T01:10:52","date_gmt":"2024-09-29T01:10:52","guid":{"rendered":"https:\/\/irankiuzona.lt\/product\/ziedines-kniedes-o-4-4mm-400vnt\/"},"modified":"2026-04-13T12:59:50","modified_gmt":"2026-04-13T12:59:50","slug":"ziedines-kniedes-o-4-4mm-400vnt","status":"publish","type":"product","link":"https:\/\/irankiuzona.lt\/ru\/product\/ziedines-kniedes-o-4-4mm-400vnt\/","title":{"rendered":"\u017diedin\u0117s knied\u0117s \u00f8 4.4mm \/ 400vnt."},"content":{"rendered":"<p>\u00d8\u00a04,4 mmKiekis pakuot\u0117je: 400vnt.<\/p>","protected":false},"excerpt":{"rendered":"<p>\u017diedin\u0117s knied\u0117s 400vnt d\u0117l C0785<\/p>","protected":false},"featured_media":223988,"comment_status":"open","ping_status":"open","template":"","meta":[],"product_cat":[9757],"product_tag":[9462],"class_list":{"0":"post-223986","1":"product","2":"type-product","3":"status-publish","4":"has-post-thumbnail","6":"product_brand-condor-werkzeug-vokietija","7":"product_cat-ziedines-kniedes-reples","8":"product_tag-condor-werkzeug-vokietija","10":"first","11":"instock","12":"purchasable","13":"product-type-simple"},"jetpack_sharing_enabled":true,"_links":{"self":[{"href":"https:\/\/irankiuzona.lt\/ru\/wp-json\/wp\/v2\/product\/223986","targetHints":{"allow":["GET"]}}],"collection":[{"href":"https:\/\/irankiuzona.lt\/ru\/wp-json\/wp\/v2\/product"}],"about":[{"href":"https:\/\/irankiuzona.lt\/ru\/wp-json\/wp\/v2\/types\/product"}],"replies":[{"embeddable":true,"href":"https:\/\/irankiuzona.lt\/ru\/wp-json\/wp\/v2\/comments?post=223986"}],"version-history":[{"count":1,"href":"https:\/\/irankiuzona.lt\/ru\/wp-json\/wp\/v2\/product\/223986\/revisions"}],"predecessor-version":[{"id":410107,"href":"https:\/\/irankiuzona.lt\/ru\/wp-json\/wp\/v2\/product\/223986\/revisions\/410107"}],"wp:featuredmedia":[{"embeddable":true,"href":"https:\/\/irankiuzona.lt\/ru\/wp-json\/wp\/v2\/media\/223988"}],"wp:attachment":[{"href":"https:\/\/irankiuzona.lt\/ru\/wp-json\/wp\/v2\/media?parent=223986"}],"wp:term":[{"taxonomy":"product_cat","embeddable":true,"href":"https:\/\/irankiuzona.lt\/ru\/wp-json\/wp\/v2\/product_cat?post=223986"},{"taxonomy":"product_tag","embeddable":true,"href":"https:\/\/irankiuzona.lt\/ru\/wp-json\/wp\/v2\/product_tag?post=223986"}],"curies":[{"name":"wp","href":"https:\/\/api.w.org\/{rel}","templated":true}]}}