{"id":223992,"date":"2024-09-29T01:10:53","date_gmt":"2024-09-29T01:10:53","guid":{"rendered":"https:\/\/irankiuzona.lt\/product\/skyliu-ismusimo-komplektas-3-25-mm\/"},"modified":"2026-04-14T07:04:28","modified_gmt":"2026-04-14T07:04:28","slug":"skyliu-ismusimo-komplektas-3-25-mm","status":"publish","type":"product","link":"https:\/\/irankiuzona.lt\/ru\/product\/skyliu-ismusimo-komplektas-3-25-mm\/","title":{"rendered":"Skyli\u0173 i\u0161mu\u0161imo komplektas (3-25 mm)"},"content":{"rendered":"<p>Komplekte \u00d8 3, 4, 5, 6, 8, 9, 10, 11, 12, 13, 14, 16, 19, 22, 25 mm<\/p>","protected":false},"excerpt":{"rendered":"<p>Skyli\u0173 i\u0161mu\u0161imo \/ skyli\u0173 i\u0161kalimo komplektas (3-25 mm)<\/p>","protected":false},"featured_media":223994,"comment_status":"open","ping_status":"open","template":"","meta":[],"product_cat":[9718],"product_tag":[9462],"class_list":{"0":"post-223992","1":"product","2":"type-product","3":"status-publish","4":"has-post-thumbnail","6":"product_brand-condor-werkzeug-vokietija","7":"product_cat-skyliu-ismusejai-odai-plastikui-gumai","8":"product_tag-condor-werkzeug-vokietija","10":"first","11":"instock","12":"purchasable","13":"product-type-simple"},"jetpack_sharing_enabled":true,"_links":{"self":[{"href":"https:\/\/irankiuzona.lt\/ru\/wp-json\/wp\/v2\/product\/223992","targetHints":{"allow":["GET"]}}],"collection":[{"href":"https:\/\/irankiuzona.lt\/ru\/wp-json\/wp\/v2\/product"}],"about":[{"href":"https:\/\/irankiuzona.lt\/ru\/wp-json\/wp\/v2\/types\/product"}],"replies":[{"embeddable":true,"href":"https:\/\/irankiuzona.lt\/ru\/wp-json\/wp\/v2\/comments?post=223992"}],"version-history":[{"count":1,"href":"https:\/\/irankiuzona.lt\/ru\/wp-json\/wp\/v2\/product\/223992\/revisions"}],"predecessor-version":[{"id":410109,"href":"https:\/\/irankiuzona.lt\/ru\/wp-json\/wp\/v2\/product\/223992\/revisions\/410109"}],"wp:featuredmedia":[{"embeddable":true,"href":"https:\/\/irankiuzona.lt\/ru\/wp-json\/wp\/v2\/media\/223994"}],"wp:attachment":[{"href":"https:\/\/irankiuzona.lt\/ru\/wp-json\/wp\/v2\/media?parent=223992"}],"wp:term":[{"taxonomy":"product_cat","embeddable":true,"href":"https:\/\/irankiuzona.lt\/ru\/wp-json\/wp\/v2\/product_cat?post=223992"},{"taxonomy":"product_tag","embeddable":true,"href":"https:\/\/irankiuzona.lt\/ru\/wp-json\/wp\/v2\/product_tag?post=223992"}],"curies":[{"name":"wp","href":"https:\/\/api.w.org\/{rel}","templated":true}]}}