{"id":224066,"date":"2024-09-29T01:10:59","date_gmt":"2024-09-29T01:10:59","guid":{"rendered":"https:\/\/irankiuzona.lt\/product\/rieboksliu-nuemikliai-3vnt\/"},"modified":"2026-04-14T19:11:50","modified_gmt":"2026-04-14T19:11:50","slug":"rieboksliu-nuemikliai-3vnt","status":"publish","type":"product","link":"https:\/\/irankiuzona.lt\/ru\/product\/rieboksliu-nuemikliai-3vnt\/","title":{"rendered":"Riebok\u0161li\u0173 nu\u0117mikliai 3vnt."},"content":{"rendered":"<p>specially suitable for removal of shaft sealing rings<br \/>\n2x s-shaped hook for shaft sealing rings<br \/>\n1x angled hook, e.g. for o-rings<\/p>","protected":false},"excerpt":{"rendered":"<p>Riebok\u0161li\u0173 nu\u0117mikliai 3vnt.<\/p>","protected":false},"featured_media":224068,"comment_status":"open","ping_status":"open","template":"","meta":[],"product_cat":[9730],"product_tag":[9462],"class_list":{"0":"post-224066","1":"product","2":"type-product","3":"status-publish","4":"has-post-thumbnail","6":"product_brand-condor-werkzeug-vokietija","7":"product_cat-irankiai-rieboksliams","8":"product_tag-condor-werkzeug-vokietija","10":"first","11":"instock","12":"purchasable","13":"product-type-simple"},"jetpack_sharing_enabled":true,"_links":{"self":[{"href":"https:\/\/irankiuzona.lt\/ru\/wp-json\/wp\/v2\/product\/224066","targetHints":{"allow":["GET"]}}],"collection":[{"href":"https:\/\/irankiuzona.lt\/ru\/wp-json\/wp\/v2\/product"}],"about":[{"href":"https:\/\/irankiuzona.lt\/ru\/wp-json\/wp\/v2\/types\/product"}],"replies":[{"embeddable":true,"href":"https:\/\/irankiuzona.lt\/ru\/wp-json\/wp\/v2\/comments?post=224066"}],"version-history":[{"count":1,"href":"https:\/\/irankiuzona.lt\/ru\/wp-json\/wp\/v2\/product\/224066\/revisions"}],"predecessor-version":[{"id":410126,"href":"https:\/\/irankiuzona.lt\/ru\/wp-json\/wp\/v2\/product\/224066\/revisions\/410126"}],"wp:featuredmedia":[{"embeddable":true,"href":"https:\/\/irankiuzona.lt\/ru\/wp-json\/wp\/v2\/media\/224068"}],"wp:attachment":[{"href":"https:\/\/irankiuzona.lt\/ru\/wp-json\/wp\/v2\/media?parent=224066"}],"wp:term":[{"taxonomy":"product_cat","embeddable":true,"href":"https:\/\/irankiuzona.lt\/ru\/wp-json\/wp\/v2\/product_cat?post=224066"},{"taxonomy":"product_tag","embeddable":true,"href":"https:\/\/irankiuzona.lt\/ru\/wp-json\/wp\/v2\/product_tag?post=224066"}],"curies":[{"name":"wp","href":"https:\/\/api.w.org\/{rel}","templated":true}]}}