{"id":224077,"date":"2024-09-29T01:11:00","date_gmt":"2024-09-29T01:11:00","guid":{"rendered":"https:\/\/irankiuzona.lt\/product\/praplatintos-galvutes-vamzdeliams-1-2-12-kampes-6-vnt-dyzel-vag-bmw\/"},"modified":"2026-04-13T05:07:43","modified_gmt":"2026-04-13T05:07:43","slug":"praplatintos-galvutes-vamzdeliams-1-2-12-kampes-6-vnt-dyzel-vag-bmw","status":"publish","type":"product","link":"https:\/\/irankiuzona.lt\/ru\/product\/praplatintos-galvutes-vamzdeliams-1-2-12-kampes-6-vnt-dyzel-vag-bmw\/","title":{"rendered":"Praplatintos galvut\u0117s vamzdeliams 1\/2&quot; 12-kamp\u0117s 6 vnt., dyzel. (VAG, BMW)"},"content":{"rendered":"<p>Tinka siaurose ertm\u0117se, bei sunkiai prieinamose vietose. Pvz: dyzelini\u0173 purk\u0161tuk\u0173 linijoms, oro kondicionieriui, stabd\u017eiams, elektriniams jutikliams ir pn\u0161.. 12-kamp\u0117s galvos Lizdas 1\/2.  Komplekte (100mm ilgio): 12mm, 14mm, 16mm, 17mm, 18mm, 19mm.<\/p>","protected":false},"excerpt":{"rendered":"<p>Praplatintos galvut\u0117s vamzdeliams 1\/2&quot; 12-kamp\u0117s 6 vnt., dyzel. (VAG, BMW)<\/p>","protected":false},"featured_media":224079,"comment_status":"open","ping_status":"open","template":"","meta":[],"product_cat":[9585],"product_tag":[9462],"class_list":{"0":"post-224077","1":"product","2":"type-product","3":"status-publish","4":"has-post-thumbnail","6":"product_brand-condor-werkzeug-vokietija","7":"product_cat-irankiai-kuro-vamzdeliams","8":"product_tag-condor-werkzeug-vokietija","10":"first","11":"instock","12":"purchasable","13":"product-type-simple"},"jetpack_sharing_enabled":true,"_links":{"self":[{"href":"https:\/\/irankiuzona.lt\/ru\/wp-json\/wp\/v2\/product\/224077","targetHints":{"allow":["GET"]}}],"collection":[{"href":"https:\/\/irankiuzona.lt\/ru\/wp-json\/wp\/v2\/product"}],"about":[{"href":"https:\/\/irankiuzona.lt\/ru\/wp-json\/wp\/v2\/types\/product"}],"replies":[{"embeddable":true,"href":"https:\/\/irankiuzona.lt\/ru\/wp-json\/wp\/v2\/comments?post=224077"}],"version-history":[{"count":1,"href":"https:\/\/irankiuzona.lt\/ru\/wp-json\/wp\/v2\/product\/224077\/revisions"}],"predecessor-version":[{"id":410130,"href":"https:\/\/irankiuzona.lt\/ru\/wp-json\/wp\/v2\/product\/224077\/revisions\/410130"}],"wp:featuredmedia":[{"embeddable":true,"href":"https:\/\/irankiuzona.lt\/ru\/wp-json\/wp\/v2\/media\/224079"}],"wp:attachment":[{"href":"https:\/\/irankiuzona.lt\/ru\/wp-json\/wp\/v2\/media?parent=224077"}],"wp:term":[{"taxonomy":"product_cat","embeddable":true,"href":"https:\/\/irankiuzona.lt\/ru\/wp-json\/wp\/v2\/product_cat?post=224077"},{"taxonomy":"product_tag","embeddable":true,"href":"https:\/\/irankiuzona.lt\/ru\/wp-json\/wp\/v2\/product_tag?post=224077"}],"curies":[{"name":"wp","href":"https:\/\/api.w.org\/{rel}","templated":true}]}}