{"id":224318,"date":"2024-09-29T01:20:26","date_gmt":"2024-09-29T01:20:26","guid":{"rendered":"https:\/\/irankiuzona.lt\/product\/verzliasukis-pneumatinis-1-4-40nm-pakaitinimo-zvakems\/"},"modified":"2026-04-16T19:52:06","modified_gmt":"2026-04-16T19:52:06","slug":"verzliasukis-pneumatinis-1-4-40nm-pakaitinimo-zvakems","status":"publish","type":"product","link":"https:\/\/irankiuzona.lt\/ru\/product\/verzliasukis-pneumatinis-1-4-40nm-pakaitinimo-zvakems\/","title":{"rendered":"Ver\u017eliasukis pneumatinis 1\/4 40Nm (pakaitinimo \u017evak\u0117ms)"},"content":{"rendered":"<p>Darbin\u0117 a\u0161is 1\/4&#8243; Sukimo momentas reguliuojamas 10-20-30-40Nm 12.000 aps \/ min. Oro s\u0105naudos 250 litr\u0173 \/ min. Darbinis sl\u0117gis 6,3 bar Svoris 0,9 kg<\/p>","protected":false},"excerpt":{"rendered":"<p>Pneumatinis ver\u017eliasukis 1\/4 40Nm (pakaitinimo \u017evak\u0117ms)<\/p>","protected":false},"featured_media":224320,"comment_status":"open","ping_status":"closed","template":"","meta":[],"product_cat":[9699],"product_tag":[9462],"class_list":{"0":"post-224318","1":"product","2":"type-product","3":"status-publish","4":"has-post-thumbnail","6":"product_brand-condor-werkzeug-vokietija","7":"product_cat-uzluzusiu-zvakiu-remontui","8":"product_tag-condor-werkzeug-vokietija","10":"first","11":"instock","12":"purchasable","13":"product-type-simple"},"jetpack_sharing_enabled":true,"_links":{"self":[{"href":"https:\/\/irankiuzona.lt\/ru\/wp-json\/wp\/v2\/product\/224318","targetHints":{"allow":["GET"]}}],"collection":[{"href":"https:\/\/irankiuzona.lt\/ru\/wp-json\/wp\/v2\/product"}],"about":[{"href":"https:\/\/irankiuzona.lt\/ru\/wp-json\/wp\/v2\/types\/product"}],"replies":[{"embeddable":true,"href":"https:\/\/irankiuzona.lt\/ru\/wp-json\/wp\/v2\/comments?post=224318"}],"version-history":[{"count":1,"href":"https:\/\/irankiuzona.lt\/ru\/wp-json\/wp\/v2\/product\/224318\/revisions"}],"predecessor-version":[{"id":410207,"href":"https:\/\/irankiuzona.lt\/ru\/wp-json\/wp\/v2\/product\/224318\/revisions\/410207"}],"wp:featuredmedia":[{"embeddable":true,"href":"https:\/\/irankiuzona.lt\/ru\/wp-json\/wp\/v2\/media\/224320"}],"wp:attachment":[{"href":"https:\/\/irankiuzona.lt\/ru\/wp-json\/wp\/v2\/media?parent=224318"}],"wp:term":[{"taxonomy":"product_cat","embeddable":true,"href":"https:\/\/irankiuzona.lt\/ru\/wp-json\/wp\/v2\/product_cat?post=224318"},{"taxonomy":"product_tag","embeddable":true,"href":"https:\/\/irankiuzona.lt\/ru\/wp-json\/wp\/v2\/product_tag?post=224318"}],"curies":[{"name":"wp","href":"https:\/\/api.w.org\/{rel}","templated":true}]}}