{"id":224505,"date":"2024-09-29T01:20:44","date_gmt":"2024-09-29T01:20:44","guid":{"rendered":"https:\/\/irankiuzona.lt\/product\/galvutes-spec-kuro-vamzdeliams-3-8-10-19mm-6vnt\/"},"modified":"2026-04-13T16:16:44","modified_gmt":"2026-04-13T16:16:44","slug":"galvutes-spec-kuro-vamzdeliams-3-8-10-19mm-6vnt","status":"publish","type":"product","link":"https:\/\/irankiuzona.lt\/ru\/product\/galvutes-spec-kuro-vamzdeliams-3-8-10-19mm-6vnt\/","title":{"rendered":"Galvut\u0117s spec. kuro vamzdeliams 3\/8&quot; 10-19mm 6vnt."},"content":{"rendered":"<p>Jutikliams &#8211; pvz. grei\u010dio, termo ir kitiems komponentams Vamzdeliams su jungtimi-atsijungian\u010dia ver\u017elia Lizdas 3\/8  Komplekte:\u00a0 10mm &#8211; 52mm ilgio 11mm &#8211; 52mm ilgio 12mm &#8211; 52mm ilgio 14mm &#8211; 62mm ilgio 17mm &#8211; 79mm ilgio 19mm &#8211; 79mm ilgio<\/p>\n<p>for sensors, e.g. thermo, engine speed and other components<br \/>\nfor pipes with offset screw connections<br \/>\nslotted pattern, also suitable for cable connections on the side<\/p>","protected":false},"excerpt":{"rendered":"<p>Galvut\u0117s spec. kuro vamzdeliams 3\/8&quot; 10-19mm 6vnt.<\/p>","protected":false},"featured_media":224507,"comment_status":"open","ping_status":"open","template":"","meta":[],"product_cat":[9585],"product_tag":[9462],"class_list":{"0":"post-224505","1":"product","2":"type-product","3":"status-publish","4":"has-post-thumbnail","6":"product_brand-condor-werkzeug-vokietija","7":"product_cat-irankiai-kuro-vamzdeliams","8":"product_tag-condor-werkzeug-vokietija","10":"first","11":"instock","12":"purchasable","13":"product-type-simple"},"jetpack_sharing_enabled":true,"_links":{"self":[{"href":"https:\/\/irankiuzona.lt\/ru\/wp-json\/wp\/v2\/product\/224505","targetHints":{"allow":["GET"]}}],"collection":[{"href":"https:\/\/irankiuzona.lt\/ru\/wp-json\/wp\/v2\/product"}],"about":[{"href":"https:\/\/irankiuzona.lt\/ru\/wp-json\/wp\/v2\/types\/product"}],"replies":[{"embeddable":true,"href":"https:\/\/irankiuzona.lt\/ru\/wp-json\/wp\/v2\/comments?post=224505"}],"version-history":[{"count":1,"href":"https:\/\/irankiuzona.lt\/ru\/wp-json\/wp\/v2\/product\/224505\/revisions"}],"predecessor-version":[{"id":410268,"href":"https:\/\/irankiuzona.lt\/ru\/wp-json\/wp\/v2\/product\/224505\/revisions\/410268"}],"wp:featuredmedia":[{"embeddable":true,"href":"https:\/\/irankiuzona.lt\/ru\/wp-json\/wp\/v2\/media\/224507"}],"wp:attachment":[{"href":"https:\/\/irankiuzona.lt\/ru\/wp-json\/wp\/v2\/media?parent=224505"}],"wp:term":[{"taxonomy":"product_cat","embeddable":true,"href":"https:\/\/irankiuzona.lt\/ru\/wp-json\/wp\/v2\/product_cat?post=224505"},{"taxonomy":"product_tag","embeddable":true,"href":"https:\/\/irankiuzona.lt\/ru\/wp-json\/wp\/v2\/product_tag?post=224505"}],"curies":[{"name":"wp","href":"https:\/\/api.w.org\/{rel}","templated":true}]}}