{"id":224681,"date":"2024-09-29T01:30:05","date_gmt":"2024-09-29T01:30:05","guid":{"rendered":"https:\/\/irankiuzona.lt\/product\/valiklis-droztuvas-pvc-vamzdziams\/"},"modified":"2026-04-13T05:59:25","modified_gmt":"2026-04-13T05:59:25","slug":"valiklis-droztuvas-pvc-vamzdziams","status":"publish","type":"product","link":"https:\/\/irankiuzona.lt\/ru\/product\/valiklis-droztuvas-pvc-vamzdziams\/","title":{"rendered":"Valiklis-dro\u017etuvas PVC vamzd\u017eiams"},"content":{"rendered":"<p>\u012erankis vamzd\u017ei\u0173 \u0161erpet\u0173 \u0161alinimui\u00a0<\/p>","protected":false},"excerpt":{"rendered":"<p>\u012erankis vamzd\u017ei\u0173 \u0161erpet\u0173 \u0161alinimui\u00a0<\/p>","protected":false},"featured_media":224683,"comment_status":"open","ping_status":"open","template":"","meta":[],"product_cat":[9566],"product_tag":[9646],"class_list":{"0":"post-224681","1":"product","2":"type-product","3":"status-publish","4":"has-post-thumbnail","6":"product_brand-drel-lenkija","7":"product_cat-raktai","8":"product_tag-drel-lenkija","10":"first","11":"instock","12":"purchasable","13":"product-type-simple"},"jetpack_sharing_enabled":true,"_links":{"self":[{"href":"https:\/\/irankiuzona.lt\/ru\/wp-json\/wp\/v2\/product\/224681","targetHints":{"allow":["GET"]}}],"collection":[{"href":"https:\/\/irankiuzona.lt\/ru\/wp-json\/wp\/v2\/product"}],"about":[{"href":"https:\/\/irankiuzona.lt\/ru\/wp-json\/wp\/v2\/types\/product"}],"replies":[{"embeddable":true,"href":"https:\/\/irankiuzona.lt\/ru\/wp-json\/wp\/v2\/comments?post=224681"}],"version-history":[{"count":1,"href":"https:\/\/irankiuzona.lt\/ru\/wp-json\/wp\/v2\/product\/224681\/revisions"}],"predecessor-version":[{"id":410328,"href":"https:\/\/irankiuzona.lt\/ru\/wp-json\/wp\/v2\/product\/224681\/revisions\/410328"}],"wp:featuredmedia":[{"embeddable":true,"href":"https:\/\/irankiuzona.lt\/ru\/wp-json\/wp\/v2\/media\/224683"}],"wp:attachment":[{"href":"https:\/\/irankiuzona.lt\/ru\/wp-json\/wp\/v2\/media?parent=224681"}],"wp:term":[{"taxonomy":"product_cat","embeddable":true,"href":"https:\/\/irankiuzona.lt\/ru\/wp-json\/wp\/v2\/product_cat?post=224681"},{"taxonomy":"product_tag","embeddable":true,"href":"https:\/\/irankiuzona.lt\/ru\/wp-json\/wp\/v2\/product_tag?post=224681"}],"curies":[{"name":"wp","href":"https:\/\/api.w.org\/{rel}","templated":true}]}}