{"id":224818,"date":"2024-09-29T01:30:20","date_gmt":"2024-09-29T01:30:20","guid":{"rendered":"https:\/\/irankiuzona.lt\/product\/atsargine-galva-rankenai-terkslei-tr25551\/"},"modified":"2026-04-05T00:51:38","modified_gmt":"2026-04-05T00:51:38","slug":"atsargine-galva-rankenai-terkslei-tr25551","status":"publish","type":"product","link":"https:\/\/irankiuzona.lt\/ru\/product\/atsargine-galva-rankenai-terkslei-tr25551\/","title":{"rendered":"Atsargin\u0117 galva rankenai-terk\u0161lei TR25551"},"content":{"rendered":"<p>Rem. komplektas d\u0117l TR25551<\/p>","protected":false},"excerpt":{"rendered":"<p>Atsargin\u0117 galva rankenai-terk\u0161lei TR25551<\/p>","protected":false},"featured_media":224820,"comment_status":"open","ping_status":"open","template":"","meta":[],"product_cat":[9615],"product_tag":[9778],"class_list":{"0":"post-224818","1":"product","2":"type-product","3":"status-publish","4":"has-post-thumbnail","6":"product_brand-triumf-professional-tools-slovakija","7":"product_cat-rankenos-vartomu-galu","8":"product_tag-triumf-professional-tools-slovakija","10":"first","11":"outofstock","12":"purchasable","13":"product-type-simple"},"jetpack_sharing_enabled":true,"_links":{"self":[{"href":"https:\/\/irankiuzona.lt\/ru\/wp-json\/wp\/v2\/product\/224818","targetHints":{"allow":["GET"]}}],"collection":[{"href":"https:\/\/irankiuzona.lt\/ru\/wp-json\/wp\/v2\/product"}],"about":[{"href":"https:\/\/irankiuzona.lt\/ru\/wp-json\/wp\/v2\/types\/product"}],"replies":[{"embeddable":true,"href":"https:\/\/irankiuzona.lt\/ru\/wp-json\/wp\/v2\/comments?post=224818"}],"version-history":[{"count":0,"href":"https:\/\/irankiuzona.lt\/ru\/wp-json\/wp\/v2\/product\/224818\/revisions"}],"wp:featuredmedia":[{"embeddable":true,"href":"https:\/\/irankiuzona.lt\/ru\/wp-json\/wp\/v2\/media\/224820"}],"wp:attachment":[{"href":"https:\/\/irankiuzona.lt\/ru\/wp-json\/wp\/v2\/media?parent=224818"}],"wp:term":[{"taxonomy":"product_cat","embeddable":true,"href":"https:\/\/irankiuzona.lt\/ru\/wp-json\/wp\/v2\/product_cat?post=224818"},{"taxonomy":"product_tag","embeddable":true,"href":"https:\/\/irankiuzona.lt\/ru\/wp-json\/wp\/v2\/product_tag?post=224818"}],"curies":[{"name":"wp","href":"https:\/\/api.w.org\/{rel}","templated":true}]}}