{"id":224821,"date":"2024-09-29T01:30:20","date_gmt":"2024-09-29T01:30:20","guid":{"rendered":"https:\/\/irankiuzona.lt\/product\/galvute-generatoriui-t5033t-mercedes-benz-a-klase\/"},"modified":"2026-05-16T12:30:21","modified_gmt":"2026-05-16T12:30:21","slug":"galvute-generatoriui-t5033t-mercedes-benz-a-klase","status":"publish","type":"product","link":"https:\/\/irankiuzona.lt\/ru\/product\/galvute-generatoriui-t5033t-mercedes-benz-a-klase\/","title":{"rendered":"Galvut\u0117 generatoriui T50*33T (Mercedes Benz A klas\u0117)"},"content":{"rendered":"<p>Med\u017eiaga: chromo &#8211; vanad\u017eio plienas\u00a0 Tinka Mercedes Benz A klas\u0117  Generatorius VALEO<\/p>","protected":false},"excerpt":{"rendered":"<p>Galvut\u0117 generatoriui T50*33T (Mercedes Benz A klas\u0117)<\/p>","protected":false},"featured_media":224823,"comment_status":"open","ping_status":"open","template":"","meta":[],"product_cat":[9544],"product_tag":[9778],"class_list":{"0":"post-224821","1":"product","2":"type-product","3":"status-publish","4":"has-post-thumbnail","6":"product_brand-triumf-professional-tools-slovakija","7":"product_cat-irankiai-generatoriaus-remontui","8":"product_tag-triumf-professional-tools-slovakija","10":"first","11":"instock","12":"purchasable","13":"product-type-simple"},"jetpack_sharing_enabled":true,"_links":{"self":[{"href":"https:\/\/irankiuzona.lt\/ru\/wp-json\/wp\/v2\/product\/224821","targetHints":{"allow":["GET"]}}],"collection":[{"href":"https:\/\/irankiuzona.lt\/ru\/wp-json\/wp\/v2\/product"}],"about":[{"href":"https:\/\/irankiuzona.lt\/ru\/wp-json\/wp\/v2\/types\/product"}],"replies":[{"embeddable":true,"href":"https:\/\/irankiuzona.lt\/ru\/wp-json\/wp\/v2\/comments?post=224821"}],"version-history":[{"count":1,"href":"https:\/\/irankiuzona.lt\/ru\/wp-json\/wp\/v2\/product\/224821\/revisions"}],"predecessor-version":[{"id":410372,"href":"https:\/\/irankiuzona.lt\/ru\/wp-json\/wp\/v2\/product\/224821\/revisions\/410372"}],"wp:featuredmedia":[{"embeddable":true,"href":"https:\/\/irankiuzona.lt\/ru\/wp-json\/wp\/v2\/media\/224823"}],"wp:attachment":[{"href":"https:\/\/irankiuzona.lt\/ru\/wp-json\/wp\/v2\/media?parent=224821"}],"wp:term":[{"taxonomy":"product_cat","embeddable":true,"href":"https:\/\/irankiuzona.lt\/ru\/wp-json\/wp\/v2\/product_cat?post=224821"},{"taxonomy":"product_tag","embeddable":true,"href":"https:\/\/irankiuzona.lt\/ru\/wp-json\/wp\/v2\/product_tag?post=224821"}],"curies":[{"name":"wp","href":"https:\/\/api.w.org\/{rel}","templated":true}]}}