{"id":224894,"date":"2024-09-29T01:30:27","date_gmt":"2024-09-29T01:30:27","guid":{"rendered":"https:\/\/irankiuzona.lt\/product\/spec-galvutes-1-4-zvakes-elektrodams-26mm-825mm\/"},"modified":"2026-04-16T15:14:11","modified_gmt":"2026-04-16T15:14:11","slug":"spec-galvutes-1-4-zvakes-elektrodams-26mm-825mm","status":"publish","type":"product","link":"https:\/\/irankiuzona.lt\/ru\/product\/spec-galvutes-1-4-zvakes-elektrodams-26mm-825mm\/","title":{"rendered":"Spec. galvut\u0117s 1\/4&quot; \u017evak\u0117s elektrodams 2,6mm-8,25mm."},"content":{"rendered":"<p>Rinkinyje yra \u0161ios galvut\u0117s: &#8211; 2,60 mm,\u00a0 &#8211; 3,20 mm,  &#8211; 3,50 mm,  &#8211; 4,50 mm,  &#8211; 6,50 mm,  &#8211; 8,25 mm,\u00a0<\/p>","protected":false},"excerpt":{"rendered":"<p>Spec. galvut\u0117s 1\/4&quot; \u017evak\u0117s elektrodams 2,6mm-8,25mm.<\/p>","protected":false},"featured_media":224896,"comment_status":"open","ping_status":"open","template":"","meta":[],"product_cat":[9699],"product_tag":[9462],"class_list":{"0":"post-224894","1":"product","2":"type-product","3":"status-publish","4":"has-post-thumbnail","6":"product_brand-condor-werkzeug-vokietija","7":"product_cat-uzluzusiu-zvakiu-remontui","8":"product_tag-condor-werkzeug-vokietija","10":"first","11":"outofstock","12":"purchasable","13":"product-type-simple"},"jetpack_sharing_enabled":true,"_links":{"self":[{"href":"https:\/\/irankiuzona.lt\/ru\/wp-json\/wp\/v2\/product\/224894","targetHints":{"allow":["GET"]}}],"collection":[{"href":"https:\/\/irankiuzona.lt\/ru\/wp-json\/wp\/v2\/product"}],"about":[{"href":"https:\/\/irankiuzona.lt\/ru\/wp-json\/wp\/v2\/types\/product"}],"replies":[{"embeddable":true,"href":"https:\/\/irankiuzona.lt\/ru\/wp-json\/wp\/v2\/comments?post=224894"}],"version-history":[{"count":1,"href":"https:\/\/irankiuzona.lt\/ru\/wp-json\/wp\/v2\/product\/224894\/revisions"}],"predecessor-version":[{"id":410393,"href":"https:\/\/irankiuzona.lt\/ru\/wp-json\/wp\/v2\/product\/224894\/revisions\/410393"}],"wp:featuredmedia":[{"embeddable":true,"href":"https:\/\/irankiuzona.lt\/ru\/wp-json\/wp\/v2\/media\/224896"}],"wp:attachment":[{"href":"https:\/\/irankiuzona.lt\/ru\/wp-json\/wp\/v2\/media?parent=224894"}],"wp:term":[{"taxonomy":"product_cat","embeddable":true,"href":"https:\/\/irankiuzona.lt\/ru\/wp-json\/wp\/v2\/product_cat?post=224894"},{"taxonomy":"product_tag","embeddable":true,"href":"https:\/\/irankiuzona.lt\/ru\/wp-json\/wp\/v2\/product_tag?post=224894"}],"curies":[{"name":"wp","href":"https:\/\/api.w.org\/{rel}","templated":true}]}}