{"id":224935,"date":"2024-09-29T01:30:31","date_gmt":"2024-09-29T01:30:31","guid":{"rendered":"https:\/\/irankiuzona.lt\/product\/elektroninis-diagnostikos-stetoskopas\/"},"modified":"2026-05-15T20:38:15","modified_gmt":"2026-05-15T20:38:15","slug":"elektroninis-diagnostikos-stetoskopas","status":"publish","type":"product","link":"https:\/\/irankiuzona.lt\/ru\/product\/elektroninis-diagnostikos-stetoskopas\/","title":{"rendered":"Elektroninis diagnostikos stetoskopas"},"content":{"rendered":"<p>Garso reguliavimas. Variklio mechanini\u0173 pa\u017eeidim\u0173 ie\u0161kojimas.<\/p>","protected":false},"excerpt":{"rendered":"<p>Elektroninis diagnostikos stetoskopas\u00a0<\/p>","protected":false},"featured_media":224937,"comment_status":"open","ping_status":"open","template":"","meta":[],"product_cat":[9550],"product_tag":[9462],"class_list":{"0":"post-224935","1":"product","2":"type-product","3":"status-publish","4":"has-post-thumbnail","6":"product_brand-condor-werkzeug-vokietija","7":"product_cat-kiti-matuokliai-stetoskopai-termometrai-karbiuratoriams","8":"product_tag-condor-werkzeug-vokietija","10":"first","11":"instock","12":"purchasable","13":"product-type-simple"},"jetpack_sharing_enabled":true,"_links":{"self":[{"href":"https:\/\/irankiuzona.lt\/ru\/wp-json\/wp\/v2\/product\/224935","targetHints":{"allow":["GET"]}}],"collection":[{"href":"https:\/\/irankiuzona.lt\/ru\/wp-json\/wp\/v2\/product"}],"about":[{"href":"https:\/\/irankiuzona.lt\/ru\/wp-json\/wp\/v2\/types\/product"}],"replies":[{"embeddable":true,"href":"https:\/\/irankiuzona.lt\/ru\/wp-json\/wp\/v2\/comments?post=224935"}],"version-history":[{"count":1,"href":"https:\/\/irankiuzona.lt\/ru\/wp-json\/wp\/v2\/product\/224935\/revisions"}],"predecessor-version":[{"id":410407,"href":"https:\/\/irankiuzona.lt\/ru\/wp-json\/wp\/v2\/product\/224935\/revisions\/410407"}],"wp:featuredmedia":[{"embeddable":true,"href":"https:\/\/irankiuzona.lt\/ru\/wp-json\/wp\/v2\/media\/224937"}],"wp:attachment":[{"href":"https:\/\/irankiuzona.lt\/ru\/wp-json\/wp\/v2\/media?parent=224935"}],"wp:term":[{"taxonomy":"product_cat","embeddable":true,"href":"https:\/\/irankiuzona.lt\/ru\/wp-json\/wp\/v2\/product_cat?post=224935"},{"taxonomy":"product_tag","embeddable":true,"href":"https:\/\/irankiuzona.lt\/ru\/wp-json\/wp\/v2\/product_tag?post=224935"}],"curies":[{"name":"wp","href":"https:\/\/api.w.org\/{rel}","templated":true}]}}