{"id":225014,"date":"2024-09-29T01:30:39","date_gmt":"2024-09-29T01:30:39","guid":{"rendered":"https:\/\/irankiuzona.lt\/product\/galvutes-tepalams-abipuses-12-vnt\/"},"modified":"2026-03-25T08:36:26","modified_gmt":"2026-03-25T08:36:26","slug":"galvutes-tepalams-abipuses-12-vnt","status":"publish","type":"product","link":"https:\/\/irankiuzona.lt\/ru\/product\/galvutes-tepalams-abipuses-12-vnt\/","title":{"rendered":"Galvut\u0117s tepalams abipus\u0117s 12 vnt."},"content":{"rendered":"<p>6-kamp\u0117s, 8 &#8211; 10 &#8211; 12 &#8211; 14 &#8211; 17mm \u00a05\/16\u201d &#8211; 3\/8\u201d &#8211; 1\/2\u201d 4-kamp\u0117s 8 &#8211; 11 &#8211; 13 mm \u00a03\/8\u201d\u00a0<\/p>","protected":false},"excerpt":{"rendered":"<p>Galvut\u0117s tepalams abipus\u0117s 12 vnt. \u00a0<\/p>","protected":false},"featured_media":225016,"comment_status":"open","ping_status":"open","template":"","meta":[],"product_cat":[9577],"product_tag":[9778],"class_list":{"0":"post-225014","1":"product","2":"type-product","3":"status-publish","4":"has-post-thumbnail","6":"product_brand-triumf-professional-tools-slovakija","7":"product_cat-galvutes-antgaliai","8":"product_tag-triumf-professional-tools-slovakija","10":"first","11":"outofstock","12":"purchasable","13":"product-type-simple"},"jetpack_sharing_enabled":true,"_links":{"self":[{"href":"https:\/\/irankiuzona.lt\/ru\/wp-json\/wp\/v2\/product\/225014","targetHints":{"allow":["GET"]}}],"collection":[{"href":"https:\/\/irankiuzona.lt\/ru\/wp-json\/wp\/v2\/product"}],"about":[{"href":"https:\/\/irankiuzona.lt\/ru\/wp-json\/wp\/v2\/types\/product"}],"replies":[{"embeddable":true,"href":"https:\/\/irankiuzona.lt\/ru\/wp-json\/wp\/v2\/comments?post=225014"}],"version-history":[{"count":1,"href":"https:\/\/irankiuzona.lt\/ru\/wp-json\/wp\/v2\/product\/225014\/revisions"}],"predecessor-version":[{"id":410431,"href":"https:\/\/irankiuzona.lt\/ru\/wp-json\/wp\/v2\/product\/225014\/revisions\/410431"}],"wp:featuredmedia":[{"embeddable":true,"href":"https:\/\/irankiuzona.lt\/ru\/wp-json\/wp\/v2\/media\/225016"}],"wp:attachment":[{"href":"https:\/\/irankiuzona.lt\/ru\/wp-json\/wp\/v2\/media?parent=225014"}],"wp:term":[{"taxonomy":"product_cat","embeddable":true,"href":"https:\/\/irankiuzona.lt\/ru\/wp-json\/wp\/v2\/product_cat?post=225014"},{"taxonomy":"product_tag","embeddable":true,"href":"https:\/\/irankiuzona.lt\/ru\/wp-json\/wp\/v2\/product_tag?post=225014"}],"curies":[{"name":"wp","href":"https:\/\/api.w.org\/{rel}","templated":true}]}}