{"id":225115,"date":"2024-09-29T01:30:49","date_gmt":"2024-09-29T01:30:49","guid":{"rendered":"https:\/\/irankiuzona.lt\/product\/savarzos-pusasiu-gumoms-universalios\/"},"modified":"2026-05-14T21:56:29","modified_gmt":"2026-05-14T21:56:29","slug":"savarzos-pusasiu-gumoms-universalios","status":"publish","type":"product","link":"https:\/\/irankiuzona.lt\/ru\/product\/savarzos-pusasiu-gumoms-universalios\/","title":{"rendered":"S\u0105var\u017eos pusa\u0161i\u0173 gumoms, universalios"},"content":{"rendered":"<p>Material:\u00a0easily formable stainless steel clamp.\u00a0Dimensions:\u00a0width 5,5 mm, thickness 0,4 mm.\u00a0It is possible to make a strip with actually required size by using this set. The clamp is designed for tension power of 420 Nm\u00b2.\u00a0Set includes:<\/p>\n<p>1x three-functional pliers (sniping, tensioning, squeezing)<br \/>\n56 m long stainless steel clamp roll<br \/>\n150 pc stainless steel locks.<\/p>","protected":false},"excerpt":{"rendered":"<p>S\u0105var\u017eos pusa\u0161i\u0173 gumoms, universalios<\/p>","protected":false},"featured_media":225117,"comment_status":"open","ping_status":"closed","template":"","meta":[],"product_cat":[9764],"product_tag":[9778],"class_list":{"0":"post-225115","1":"product","2":"type-product","3":"status-publish","4":"has-post-thumbnail","6":"product_brand-triumf-professional-tools-slovakija","7":"product_cat-irankiai-granatoms-pusasiu-gumoms-savarzos","8":"product_tag-triumf-professional-tools-slovakija","10":"first","11":"instock","12":"sale","13":"purchasable","14":"product-type-simple"},"jetpack_sharing_enabled":true,"_links":{"self":[{"href":"https:\/\/irankiuzona.lt\/ru\/wp-json\/wp\/v2\/product\/225115","targetHints":{"allow":["GET"]}}],"collection":[{"href":"https:\/\/irankiuzona.lt\/ru\/wp-json\/wp\/v2\/product"}],"about":[{"href":"https:\/\/irankiuzona.lt\/ru\/wp-json\/wp\/v2\/types\/product"}],"replies":[{"embeddable":true,"href":"https:\/\/irankiuzona.lt\/ru\/wp-json\/wp\/v2\/comments?post=225115"}],"version-history":[{"count":2,"href":"https:\/\/irankiuzona.lt\/ru\/wp-json\/wp\/v2\/product\/225115\/revisions"}],"predecessor-version":[{"id":431697,"href":"https:\/\/irankiuzona.lt\/ru\/wp-json\/wp\/v2\/product\/225115\/revisions\/431697"}],"wp:featuredmedia":[{"embeddable":true,"href":"https:\/\/irankiuzona.lt\/ru\/wp-json\/wp\/v2\/media\/225117"}],"wp:attachment":[{"href":"https:\/\/irankiuzona.lt\/ru\/wp-json\/wp\/v2\/media?parent=225115"}],"wp:term":[{"taxonomy":"product_cat","embeddable":true,"href":"https:\/\/irankiuzona.lt\/ru\/wp-json\/wp\/v2\/product_cat?post=225115"},{"taxonomy":"product_tag","embeddable":true,"href":"https:\/\/irankiuzona.lt\/ru\/wp-json\/wp\/v2\/product_tag?post=225115"}],"curies":[{"name":"wp","href":"https:\/\/api.w.org\/{rel}","templated":true}]}}