{"id":225133,"date":"2024-09-29T01:30:50","date_gmt":"2024-09-29T01:30:50","guid":{"rendered":"https:\/\/irankiuzona.lt\/product\/dildyte-deimantine-tribriaune-140mm\/"},"modified":"2026-05-16T01:52:59","modified_gmt":"2026-05-16T01:52:59","slug":"dildyte-deimantine-tribriaune-140mm","status":"publish","type":"product","link":"https:\/\/irankiuzona.lt\/ru\/product\/dildyte-deimantine-tribriaune-140mm\/","title":{"rendered":"Dildyt\u0117 deimantin\u0117  tribriaun\u0117 140mm"},"content":{"rendered":"<p>\u00d8 3 mm.<\/p>\n<p>Ilgis: 140 mm.<\/p>\n<p>Svoris: 10 g.\u00a0<\/p>","protected":false},"excerpt":{"rendered":"<p>Dildyt\u0117 deimantin\u0117  tribriaun\u0117 140mm\u00a0<\/p>","protected":false},"featured_media":225135,"comment_status":"open","ping_status":"open","template":"","meta":[],"product_cat":[9572],"product_tag":[9778],"class_list":{"0":"post-225133","1":"product","2":"type-product","3":"status-publish","4":"has-post-thumbnail","6":"product_brand-triumf-professional-tools-slovakija","7":"product_cat-metalo-dildes","8":"product_tag-triumf-professional-tools-slovakija","10":"first","11":"outofstock","12":"purchasable","13":"product-type-simple"},"jetpack_sharing_enabled":true,"_links":{"self":[{"href":"https:\/\/irankiuzona.lt\/ru\/wp-json\/wp\/v2\/product\/225133","targetHints":{"allow":["GET"]}}],"collection":[{"href":"https:\/\/irankiuzona.lt\/ru\/wp-json\/wp\/v2\/product"}],"about":[{"href":"https:\/\/irankiuzona.lt\/ru\/wp-json\/wp\/v2\/types\/product"}],"replies":[{"embeddable":true,"href":"https:\/\/irankiuzona.lt\/ru\/wp-json\/wp\/v2\/comments?post=225133"}],"version-history":[{"count":1,"href":"https:\/\/irankiuzona.lt\/ru\/wp-json\/wp\/v2\/product\/225133\/revisions"}],"predecessor-version":[{"id":410469,"href":"https:\/\/irankiuzona.lt\/ru\/wp-json\/wp\/v2\/product\/225133\/revisions\/410469"}],"wp:featuredmedia":[{"embeddable":true,"href":"https:\/\/irankiuzona.lt\/ru\/wp-json\/wp\/v2\/media\/225135"}],"wp:attachment":[{"href":"https:\/\/irankiuzona.lt\/ru\/wp-json\/wp\/v2\/media?parent=225133"}],"wp:term":[{"taxonomy":"product_cat","embeddable":true,"href":"https:\/\/irankiuzona.lt\/ru\/wp-json\/wp\/v2\/product_cat?post=225133"},{"taxonomy":"product_tag","embeddable":true,"href":"https:\/\/irankiuzona.lt\/ru\/wp-json\/wp\/v2\/product_tag?post=225133"}],"curies":[{"name":"wp","href":"https:\/\/api.w.org\/{rel}","templated":true}]}}