{"id":225154,"date":"2024-09-29T01:30:53","date_gmt":"2024-09-29T01:30:53","guid":{"rendered":"https:\/\/irankiuzona.lt\/product\/nerudijancio-plieno-juosta-pusasiu-gumoms-56m\/"},"modified":"2026-05-14T21:56:30","modified_gmt":"2026-05-14T21:56:30","slug":"nerudijancio-plieno-juosta-pusasiu-gumoms-56m","status":"publish","type":"product","link":"https:\/\/irankiuzona.lt\/ru\/product\/nerudijancio-plieno-juosta-pusasiu-gumoms-56m\/","title":{"rendered":"Ner\u016bdijan\u010dio plieno juosta pusa\u0161i\u0173 gumoms 56m"},"content":{"rendered":"<p>Papildymas komplektui &#8211; TR7863Material:\u00a0stainless steel.\u00a0Dimensions:\u00a0strip length 56 m, thickness 0,4 mm, width 5,5 mm.\u00a0<\/p>","protected":false},"excerpt":{"rendered":"<p>Ner\u016bdijan\u010dio plieno juosta pusa\u0161i\u0173 gumoms 56m<\/p>","protected":false},"featured_media":225156,"comment_status":"open","ping_status":"open","template":"","meta":[],"product_cat":[9764],"product_tag":[9778],"class_list":{"0":"post-225154","1":"product","2":"type-product","3":"status-publish","4":"has-post-thumbnail","6":"product_brand-triumf-professional-tools-slovakija","7":"product_cat-irankiai-granatoms-pusasiu-gumoms-savarzos","8":"product_tag-triumf-professional-tools-slovakija","10":"first","11":"instock","12":"purchasable","13":"product-type-simple"},"jetpack_sharing_enabled":true,"_links":{"self":[{"href":"https:\/\/irankiuzona.lt\/ru\/wp-json\/wp\/v2\/product\/225154","targetHints":{"allow":["GET"]}}],"collection":[{"href":"https:\/\/irankiuzona.lt\/ru\/wp-json\/wp\/v2\/product"}],"about":[{"href":"https:\/\/irankiuzona.lt\/ru\/wp-json\/wp\/v2\/types\/product"}],"replies":[{"embeddable":true,"href":"https:\/\/irankiuzona.lt\/ru\/wp-json\/wp\/v2\/comments?post=225154"}],"version-history":[{"count":1,"href":"https:\/\/irankiuzona.lt\/ru\/wp-json\/wp\/v2\/product\/225154\/revisions"}],"predecessor-version":[{"id":410476,"href":"https:\/\/irankiuzona.lt\/ru\/wp-json\/wp\/v2\/product\/225154\/revisions\/410476"}],"wp:featuredmedia":[{"embeddable":true,"href":"https:\/\/irankiuzona.lt\/ru\/wp-json\/wp\/v2\/media\/225156"}],"wp:attachment":[{"href":"https:\/\/irankiuzona.lt\/ru\/wp-json\/wp\/v2\/media?parent=225154"}],"wp:term":[{"taxonomy":"product_cat","embeddable":true,"href":"https:\/\/irankiuzona.lt\/ru\/wp-json\/wp\/v2\/product_cat?post=225154"},{"taxonomy":"product_tag","embeddable":true,"href":"https:\/\/irankiuzona.lt\/ru\/wp-json\/wp\/v2\/product_tag?post=225154"}],"curies":[{"name":"wp","href":"https:\/\/api.w.org\/{rel}","templated":true}]}}