{"id":225319,"date":"2024-09-29T01:40:08","date_gmt":"2024-09-29T01:40:08","guid":{"rendered":"https:\/\/irankiuzona.lt\/product\/dildyte-deimantine-pusapvale-140mm\/"},"modified":"2026-04-19T18:28:03","modified_gmt":"2026-04-19T18:28:03","slug":"dildyte-deimantine-pusapvale-140mm","status":"publish","type":"product","link":"https:\/\/irankiuzona.lt\/ru\/product\/dildyte-deimantine-pusapvale-140mm\/","title":{"rendered":"Dildyt\u0117 deimantin\u0117 pusapval\u0117 140mm"},"content":{"rendered":"","protected":false},"excerpt":{"rendered":"<p>Dildyt\u0117 deimantin\u0117   pusapval\u0117 140mm<\/p>","protected":false},"featured_media":225321,"comment_status":"open","ping_status":"open","template":"","meta":[],"product_cat":[9572],"product_tag":[9778],"class_list":{"0":"post-225319","1":"product","2":"type-product","3":"status-publish","4":"has-post-thumbnail","6":"product_brand-triumf-professional-tools-slovakija","7":"product_cat-metalo-dildes","8":"product_tag-triumf-professional-tools-slovakija","10":"first","11":"instock","12":"purchasable","13":"product-type-simple"},"jetpack_sharing_enabled":true,"_links":{"self":[{"href":"https:\/\/irankiuzona.lt\/ru\/wp-json\/wp\/v2\/product\/225319","targetHints":{"allow":["GET"]}}],"collection":[{"href":"https:\/\/irankiuzona.lt\/ru\/wp-json\/wp\/v2\/product"}],"about":[{"href":"https:\/\/irankiuzona.lt\/ru\/wp-json\/wp\/v2\/types\/product"}],"replies":[{"embeddable":true,"href":"https:\/\/irankiuzona.lt\/ru\/wp-json\/wp\/v2\/comments?post=225319"}],"version-history":[{"count":1,"href":"https:\/\/irankiuzona.lt\/ru\/wp-json\/wp\/v2\/product\/225319\/revisions"}],"predecessor-version":[{"id":410528,"href":"https:\/\/irankiuzona.lt\/ru\/wp-json\/wp\/v2\/product\/225319\/revisions\/410528"}],"wp:featuredmedia":[{"embeddable":true,"href":"https:\/\/irankiuzona.lt\/ru\/wp-json\/wp\/v2\/media\/225321"}],"wp:attachment":[{"href":"https:\/\/irankiuzona.lt\/ru\/wp-json\/wp\/v2\/media?parent=225319"}],"wp:term":[{"taxonomy":"product_cat","embeddable":true,"href":"https:\/\/irankiuzona.lt\/ru\/wp-json\/wp\/v2\/product_cat?post=225319"},{"taxonomy":"product_tag","embeddable":true,"href":"https:\/\/irankiuzona.lt\/ru\/wp-json\/wp\/v2\/product_tag?post=225319"}],"curies":[{"name":"wp","href":"https:\/\/api.w.org\/{rel}","templated":true}]}}