{"id":225344,"date":"2024-09-29T01:40:11","date_gmt":"2024-09-29T01:40:11","guid":{"rendered":"https:\/\/irankiuzona.lt\/product\/purkstuku-lizdu-valymo-sepeciai-5-vnt\/"},"modified":"2026-04-15T04:50:43","modified_gmt":"2026-04-15T04:50:43","slug":"purkstuku-lizdu-valymo-sepeciai-5-vnt","status":"publish","type":"product","link":"https:\/\/irankiuzona.lt\/ru\/product\/purkstuku-lizdu-valymo-sepeciai-5-vnt\/","title":{"rendered":"Purk\u0161tuk\u0173 lizd\u0173 valymo \u0161epe\u010diai 5 vnt."},"content":{"rendered":"<p>18,2 mm 19,2 mm<\/p>","protected":false},"excerpt":{"rendered":"<p>Purk\u0161tuk\u0173 lizd\u0173 valymo \u0161epe\u010diai 5 vnt.\u00a0<\/p>","protected":false},"featured_media":225346,"comment_status":"open","ping_status":"open","template":"","meta":[],"product_cat":[9673],"product_tag":[9778],"class_list":{"0":"post-225344","1":"product","2":"type-product","3":"status-publish","4":"has-post-thumbnail","6":"product_brand-triumf-professional-tools-slovakija","7":"product_cat-sepeciai-purkstukams","8":"product_tag-triumf-professional-tools-slovakija","10":"first","11":"outofstock","12":"purchasable","13":"product-type-simple"},"jetpack_sharing_enabled":true,"_links":{"self":[{"href":"https:\/\/irankiuzona.lt\/ru\/wp-json\/wp\/v2\/product\/225344","targetHints":{"allow":["GET"]}}],"collection":[{"href":"https:\/\/irankiuzona.lt\/ru\/wp-json\/wp\/v2\/product"}],"about":[{"href":"https:\/\/irankiuzona.lt\/ru\/wp-json\/wp\/v2\/types\/product"}],"replies":[{"embeddable":true,"href":"https:\/\/irankiuzona.lt\/ru\/wp-json\/wp\/v2\/comments?post=225344"}],"version-history":[{"count":1,"href":"https:\/\/irankiuzona.lt\/ru\/wp-json\/wp\/v2\/product\/225344\/revisions"}],"predecessor-version":[{"id":410537,"href":"https:\/\/irankiuzona.lt\/ru\/wp-json\/wp\/v2\/product\/225344\/revisions\/410537"}],"wp:featuredmedia":[{"embeddable":true,"href":"https:\/\/irankiuzona.lt\/ru\/wp-json\/wp\/v2\/media\/225346"}],"wp:attachment":[{"href":"https:\/\/irankiuzona.lt\/ru\/wp-json\/wp\/v2\/media?parent=225344"}],"wp:term":[{"taxonomy":"product_cat","embeddable":true,"href":"https:\/\/irankiuzona.lt\/ru\/wp-json\/wp\/v2\/product_cat?post=225344"},{"taxonomy":"product_tag","embeddable":true,"href":"https:\/\/irankiuzona.lt\/ru\/wp-json\/wp\/v2\/product_tag?post=225344"}],"curies":[{"name":"wp","href":"https:\/\/api.w.org\/{rel}","templated":true}]}}