{"id":225454,"date":"2024-09-29T01:40:21","date_gmt":"2024-09-29T01:40:21","guid":{"rendered":"https:\/\/irankiuzona.lt\/product\/verzliu-nupjovejas-10-24-mm\/"},"modified":"2026-05-16T18:38:38","modified_gmt":"2026-05-16T18:38:38","slug":"verzliu-nupjovejas-10-24-mm","status":"publish","type":"product","link":"https:\/\/irankiuzona.lt\/ru\/product\/verzliu-nupjovejas-10-24-mm\/","title":{"rendered":"Ver\u017eli\u0173 nupjov\u0117jas \/ 10-24 mm"},"content":{"rendered":"<p>Nut Splitter, 10-24 mm<\/p>","protected":false},"excerpt":{"rendered":"<p>Pa\u017eeist\u0173 var\u017et\u0173 ir ver\u017eli\u0173 nupjov\u0117jas-nukand\u0117jas \/ 10-24 mm<\/p>","protected":false},"featured_media":225456,"comment_status":"open","ping_status":"open","template":"","meta":[],"product_cat":[9805],"product_tag":[9462],"class_list":{"0":"post-225454","1":"product","2":"type-product","3":"status-publish","4":"has-post-thumbnail","6":"product_brand-condor-werkzeug-vokietija","7":"product_cat-sugadintu-varztu-ir-verzliu-nupjovejai","8":"product_tag-condor-werkzeug-vokietija","10":"first","11":"instock","12":"purchasable","13":"product-type-simple"},"jetpack_sharing_enabled":true,"_links":{"self":[{"href":"https:\/\/irankiuzona.lt\/ru\/wp-json\/wp\/v2\/product\/225454","targetHints":{"allow":["GET"]}}],"collection":[{"href":"https:\/\/irankiuzona.lt\/ru\/wp-json\/wp\/v2\/product"}],"about":[{"href":"https:\/\/irankiuzona.lt\/ru\/wp-json\/wp\/v2\/types\/product"}],"replies":[{"embeddable":true,"href":"https:\/\/irankiuzona.lt\/ru\/wp-json\/wp\/v2\/comments?post=225454"}],"version-history":[{"count":1,"href":"https:\/\/irankiuzona.lt\/ru\/wp-json\/wp\/v2\/product\/225454\/revisions"}],"predecessor-version":[{"id":410572,"href":"https:\/\/irankiuzona.lt\/ru\/wp-json\/wp\/v2\/product\/225454\/revisions\/410572"}],"wp:featuredmedia":[{"embeddable":true,"href":"https:\/\/irankiuzona.lt\/ru\/wp-json\/wp\/v2\/media\/225456"}],"wp:attachment":[{"href":"https:\/\/irankiuzona.lt\/ru\/wp-json\/wp\/v2\/media?parent=225454"}],"wp:term":[{"taxonomy":"product_cat","embeddable":true,"href":"https:\/\/irankiuzona.lt\/ru\/wp-json\/wp\/v2\/product_cat?post=225454"},{"taxonomy":"product_tag","embeddable":true,"href":"https:\/\/irankiuzona.lt\/ru\/wp-json\/wp\/v2\/product_tag?post=225454"}],"curies":[{"name":"wp","href":"https:\/\/api.w.org\/{rel}","templated":true}]}}