{"id":225494,"date":"2024-09-29T01:40:25","date_gmt":"2024-09-29T01:40:25","guid":{"rendered":"https:\/\/irankiuzona.lt\/product\/nuemejas-reguliuojamas-dvikojis-35-150mm\/"},"modified":"2026-05-14T19:21:29","modified_gmt":"2026-05-14T19:21:29","slug":"nuemejas-reguliuojamas-dvikojis-35-150mm","status":"publish","type":"product","link":"https:\/\/irankiuzona.lt\/ru\/product\/nuemejas-reguliuojamas-dvikojis-35-150mm\/","title":{"rendered":"Nu\u0117m\u0117jas reguliuojamas dvikojis 35-150mm"},"content":{"rendered":"<p>35 &#8211; 150 mm x L &#8211; 150 mmnu\u0117m\u0117jas 2kojis \/\u00a0nu\u0117m\u0117jas dvikojis \/\u00a0nu\u0117m\u0117jas 2-kojis<\/p>","protected":false},"excerpt":{"rendered":"<p>Nu\u0117m\u0117jas reguliuojamas dvikojis 35-150mm<\/p>","protected":false},"featured_media":225496,"comment_status":"open","ping_status":"open","template":"","meta":[],"product_cat":[9531],"product_tag":[9778],"class_list":{"0":"post-225494","1":"product","2":"type-product","3":"status-publish","4":"has-post-thumbnail","6":"product_brand-triumf-professional-tools-slovakija","7":"product_cat-dvikojai-nuemejai","8":"product_tag-triumf-professional-tools-slovakija","10":"first","11":"instock","12":"purchasable","13":"product-type-simple"},"jetpack_sharing_enabled":true,"_links":{"self":[{"href":"https:\/\/irankiuzona.lt\/ru\/wp-json\/wp\/v2\/product\/225494","targetHints":{"allow":["GET"]}}],"collection":[{"href":"https:\/\/irankiuzona.lt\/ru\/wp-json\/wp\/v2\/product"}],"about":[{"href":"https:\/\/irankiuzona.lt\/ru\/wp-json\/wp\/v2\/types\/product"}],"replies":[{"embeddable":true,"href":"https:\/\/irankiuzona.lt\/ru\/wp-json\/wp\/v2\/comments?post=225494"}],"version-history":[{"count":1,"href":"https:\/\/irankiuzona.lt\/ru\/wp-json\/wp\/v2\/product\/225494\/revisions"}],"predecessor-version":[{"id":410582,"href":"https:\/\/irankiuzona.lt\/ru\/wp-json\/wp\/v2\/product\/225494\/revisions\/410582"}],"wp:featuredmedia":[{"embeddable":true,"href":"https:\/\/irankiuzona.lt\/ru\/wp-json\/wp\/v2\/media\/225496"}],"wp:attachment":[{"href":"https:\/\/irankiuzona.lt\/ru\/wp-json\/wp\/v2\/media?parent=225494"}],"wp:term":[{"taxonomy":"product_cat","embeddable":true,"href":"https:\/\/irankiuzona.lt\/ru\/wp-json\/wp\/v2\/product_cat?post=225494"},{"taxonomy":"product_tag","embeddable":true,"href":"https:\/\/irankiuzona.lt\/ru\/wp-json\/wp\/v2\/product_tag?post=225494"}],"curies":[{"name":"wp","href":"https:\/\/api.w.org\/{rel}","templated":true}]}}