{"id":225559,"date":"2024-09-29T01:40:32","date_gmt":"2024-09-29T01:40:32","guid":{"rendered":"https:\/\/irankiuzona.lt\/product\/pneumatine-terksle-vartoma-galva-1-2-60nm\/"},"modified":"2026-05-16T11:21:00","modified_gmt":"2026-05-16T11:21:00","slug":"pneumatine-terksle-vartoma-galva-1-2-60nm","status":"publish","type":"product","link":"https:\/\/irankiuzona.lt\/ru\/product\/pneumatine-terksle-vartoma-galva-1-2-60nm\/","title":{"rendered":"Pneumatin\u0117 terk\u0161l\u0117 vartoma galva 1\/2&quot; 60Nm"},"content":{"rendered":"<p>Professional version of air ratchet with inlet 1\/2\u201c. Maximal power 68 Nm. All parameters are identical with version 1173, moreover equipped with flexible head. This can be arrested according to your require. Joint parts are protected with cup.<\/p>","protected":false},"excerpt":{"rendered":"<p>Pneumo rankena vartoma galva 1\/2&quot; 60Nm<\/p>","protected":false},"featured_media":225561,"comment_status":"open","ping_status":"open","template":"","meta":[],"product_cat":[9666],"product_tag":[9778],"class_list":{"0":"post-225559","1":"product","2":"type-product","3":"status-publish","4":"has-post-thumbnail","6":"product_brand-triumf-professional-tools-slovakija","7":"product_cat-pneumo-rankenos-terksles","8":"product_tag-triumf-professional-tools-slovakija","10":"first","11":"instock","12":"purchasable","13":"product-type-simple"},"jetpack_sharing_enabled":true,"_links":{"self":[{"href":"https:\/\/irankiuzona.lt\/ru\/wp-json\/wp\/v2\/product\/225559","targetHints":{"allow":["GET"]}}],"collection":[{"href":"https:\/\/irankiuzona.lt\/ru\/wp-json\/wp\/v2\/product"}],"about":[{"href":"https:\/\/irankiuzona.lt\/ru\/wp-json\/wp\/v2\/types\/product"}],"replies":[{"embeddable":true,"href":"https:\/\/irankiuzona.lt\/ru\/wp-json\/wp\/v2\/comments?post=225559"}],"version-history":[{"count":1,"href":"https:\/\/irankiuzona.lt\/ru\/wp-json\/wp\/v2\/product\/225559\/revisions"}],"predecessor-version":[{"id":410603,"href":"https:\/\/irankiuzona.lt\/ru\/wp-json\/wp\/v2\/product\/225559\/revisions\/410603"}],"wp:featuredmedia":[{"embeddable":true,"href":"https:\/\/irankiuzona.lt\/ru\/wp-json\/wp\/v2\/media\/225561"}],"wp:attachment":[{"href":"https:\/\/irankiuzona.lt\/ru\/wp-json\/wp\/v2\/media?parent=225559"}],"wp:term":[{"taxonomy":"product_cat","embeddable":true,"href":"https:\/\/irankiuzona.lt\/ru\/wp-json\/wp\/v2\/product_cat?post=225559"},{"taxonomy":"product_tag","embeddable":true,"href":"https:\/\/irankiuzona.lt\/ru\/wp-json\/wp\/v2\/product_tag?post=225559"}],"curies":[{"name":"wp","href":"https:\/\/api.w.org\/{rel}","templated":true}]}}