{"id":225651,"date":"2024-09-29T01:40:40","date_gmt":"2024-09-29T01:40:40","guid":{"rendered":"https:\/\/irankiuzona.lt\/product\/magnetine-lekstute-dviguba-136mm-x-273mm-x-22mm\/"},"modified":"2026-05-13T23:30:57","modified_gmt":"2026-05-13T23:30:57","slug":"magnetine-lekstute-dviguba-136mm-x-273mm-x-22mm","status":"publish","type":"product","link":"https:\/\/irankiuzona.lt\/ru\/product\/magnetine-lekstute-dviguba-136mm-x-273mm-x-22mm\/","title":{"rendered":"Magnetin\u0117 l\u0117k\u0161tut\u0117 dviguba 136mm x 273mm x 22mm"},"content":{"rendered":"","protected":false},"excerpt":{"rendered":"<p>Magnetin\u0117 l\u0117k\u0161tut\u0117 dviguba 136mm x 273mm x 22mm<\/p>","protected":false},"featured_media":225653,"comment_status":"open","ping_status":"open","template":"","meta":[],"product_cat":[9616],"product_tag":[9810],"class_list":{"0":"post-225651","1":"product","2":"type-product","3":"status-publish","4":"has-post-thumbnail","6":"product_brand-geko-lenkija","7":"product_cat-magnetines-lekstutes-magnetines-juostos","8":"product_tag-geko-lenkija","10":"first","11":"instock","12":"purchasable","13":"product-type-simple"},"jetpack_sharing_enabled":true,"_links":{"self":[{"href":"https:\/\/irankiuzona.lt\/ru\/wp-json\/wp\/v2\/product\/225651","targetHints":{"allow":["GET"]}}],"collection":[{"href":"https:\/\/irankiuzona.lt\/ru\/wp-json\/wp\/v2\/product"}],"about":[{"href":"https:\/\/irankiuzona.lt\/ru\/wp-json\/wp\/v2\/types\/product"}],"replies":[{"embeddable":true,"href":"https:\/\/irankiuzona.lt\/ru\/wp-json\/wp\/v2\/comments?post=225651"}],"version-history":[{"count":1,"href":"https:\/\/irankiuzona.lt\/ru\/wp-json\/wp\/v2\/product\/225651\/revisions"}],"predecessor-version":[{"id":410632,"href":"https:\/\/irankiuzona.lt\/ru\/wp-json\/wp\/v2\/product\/225651\/revisions\/410632"}],"wp:featuredmedia":[{"embeddable":true,"href":"https:\/\/irankiuzona.lt\/ru\/wp-json\/wp\/v2\/media\/225653"}],"wp:attachment":[{"href":"https:\/\/irankiuzona.lt\/ru\/wp-json\/wp\/v2\/media?parent=225651"}],"wp:term":[{"taxonomy":"product_cat","embeddable":true,"href":"https:\/\/irankiuzona.lt\/ru\/wp-json\/wp\/v2\/product_cat?post=225651"},{"taxonomy":"product_tag","embeddable":true,"href":"https:\/\/irankiuzona.lt\/ru\/wp-json\/wp\/v2\/product_tag?post=225651"}],"curies":[{"name":"wp","href":"https:\/\/api.w.org\/{rel}","templated":true}]}}