{"id":225712,"date":"2024-09-29T01:40:46","date_gmt":"2024-09-29T01:40:46","guid":{"rendered":"https:\/\/irankiuzona.lt\/product\/irankiu-k-tas-plokstiems-elastiniems-dirzeliams-montuoti\/"},"modified":"2026-05-16T07:39:11","modified_gmt":"2026-05-16T07:39:11","slug":"irankiu-k-tas-plokstiems-elastiniems-dirzeliams-montuoti","status":"publish","type":"product","link":"https:\/\/irankiuzona.lt\/ru\/product\/irankiu-k-tas-plokstiems-elastiniems-dirzeliams-montuoti\/","title":{"rendered":"\u012eranki\u0173 k-tas plok\u0161tiems\/elastiniems dir\u017e\u0117liams montuoti"},"content":{"rendered":"","protected":false},"excerpt":{"rendered":"<p>\u012eranki\u0173 k-tas plok\u0161tiems\/elastiniems dir\u017e\u0117liams montuoti<\/p>","protected":false},"featured_media":225714,"comment_status":"open","ping_status":"open","template":"","meta":[],"product_cat":[9749],"product_tag":[9778],"class_list":{"0":"post-225712","1":"product","2":"type-product","3":"status-publish","4":"has-post-thumbnail","6":"product_brand-triumf-professional-tools-slovakija","7":"product_cat-irankiai-elastiniems-dirzams","8":"product_tag-triumf-professional-tools-slovakija","10":"first","11":"instock","12":"purchasable","13":"product-type-simple"},"jetpack_sharing_enabled":true,"_links":{"self":[{"href":"https:\/\/irankiuzona.lt\/ru\/wp-json\/wp\/v2\/product\/225712","targetHints":{"allow":["GET"]}}],"collection":[{"href":"https:\/\/irankiuzona.lt\/ru\/wp-json\/wp\/v2\/product"}],"about":[{"href":"https:\/\/irankiuzona.lt\/ru\/wp-json\/wp\/v2\/types\/product"}],"replies":[{"embeddable":true,"href":"https:\/\/irankiuzona.lt\/ru\/wp-json\/wp\/v2\/comments?post=225712"}],"version-history":[{"count":1,"href":"https:\/\/irankiuzona.lt\/ru\/wp-json\/wp\/v2\/product\/225712\/revisions"}],"predecessor-version":[{"id":410647,"href":"https:\/\/irankiuzona.lt\/ru\/wp-json\/wp\/v2\/product\/225712\/revisions\/410647"}],"wp:featuredmedia":[{"embeddable":true,"href":"https:\/\/irankiuzona.lt\/ru\/wp-json\/wp\/v2\/media\/225714"}],"wp:attachment":[{"href":"https:\/\/irankiuzona.lt\/ru\/wp-json\/wp\/v2\/media?parent=225712"}],"wp:term":[{"taxonomy":"product_cat","embeddable":true,"href":"https:\/\/irankiuzona.lt\/ru\/wp-json\/wp\/v2\/product_cat?post=225712"},{"taxonomy":"product_tag","embeddable":true,"href":"https:\/\/irankiuzona.lt\/ru\/wp-json\/wp\/v2\/product_tag?post=225712"}],"curies":[{"name":"wp","href":"https:\/\/api.w.org\/{rel}","templated":true}]}}