{"id":225718,"date":"2024-09-29T01:40:47","date_gmt":"2024-09-29T01:40:47","guid":{"rendered":"https:\/\/irankiuzona.lt\/product\/pneumatine-terksle-1-4-27nm-profi\/"},"modified":"2026-05-16T13:19:50","modified_gmt":"2026-05-16T13:19:50","slug":"pneumatine-terksle-1-4-27nm-profi","status":"publish","type":"product","link":"https:\/\/irankiuzona.lt\/ru\/product\/pneumatine-terksle-1-4-27nm-profi\/","title":{"rendered":"Pneumatin\u0117 terk\u0161l\u0117 1\/4&quot; 27Nm profi"},"content":{"rendered":"<p>Maximal torque moment 27 Nm, 240 rpm\/min, lenght 210 mm. Extra short and compact version, especially for areas under the dashboard. 1\/4\u201c shaft ended with safety plug against self-releasing the sockets. Right\/left motion.<\/p>","protected":false},"excerpt":{"rendered":"<p>Pneumo raktas 1\/4&quot; 27 Nm profi\u00a0<\/p>","protected":false},"featured_media":225720,"comment_status":"open","ping_status":"open","template":"","meta":[],"product_cat":[9666],"product_tag":[9778],"class_list":{"0":"post-225718","1":"product","2":"type-product","3":"status-publish","4":"has-post-thumbnail","6":"product_brand-triumf-professional-tools-slovakija","7":"product_cat-pneumo-rankenos-terksles","8":"product_tag-triumf-professional-tools-slovakija","10":"first","11":"instock","12":"purchasable","13":"product-type-simple"},"jetpack_sharing_enabled":true,"_links":{"self":[{"href":"https:\/\/irankiuzona.lt\/ru\/wp-json\/wp\/v2\/product\/225718","targetHints":{"allow":["GET"]}}],"collection":[{"href":"https:\/\/irankiuzona.lt\/ru\/wp-json\/wp\/v2\/product"}],"about":[{"href":"https:\/\/irankiuzona.lt\/ru\/wp-json\/wp\/v2\/types\/product"}],"replies":[{"embeddable":true,"href":"https:\/\/irankiuzona.lt\/ru\/wp-json\/wp\/v2\/comments?post=225718"}],"version-history":[{"count":1,"href":"https:\/\/irankiuzona.lt\/ru\/wp-json\/wp\/v2\/product\/225718\/revisions"}],"predecessor-version":[{"id":410649,"href":"https:\/\/irankiuzona.lt\/ru\/wp-json\/wp\/v2\/product\/225718\/revisions\/410649"}],"wp:featuredmedia":[{"embeddable":true,"href":"https:\/\/irankiuzona.lt\/ru\/wp-json\/wp\/v2\/media\/225720"}],"wp:attachment":[{"href":"https:\/\/irankiuzona.lt\/ru\/wp-json\/wp\/v2\/media?parent=225718"}],"wp:term":[{"taxonomy":"product_cat","embeddable":true,"href":"https:\/\/irankiuzona.lt\/ru\/wp-json\/wp\/v2\/product_cat?post=225718"},{"taxonomy":"product_tag","embeddable":true,"href":"https:\/\/irankiuzona.lt\/ru\/wp-json\/wp\/v2\/product_tag?post=225718"}],"curies":[{"name":"wp","href":"https:\/\/api.w.org\/{rel}","templated":true}]}}