{"id":225724,"date":"2024-09-29T01:40:47","date_gmt":"2024-09-29T01:40:47","guid":{"rendered":"https:\/\/irankiuzona.lt\/product\/sesiakampis-h13-ipresuotas-1-2\/"},"modified":"2026-05-16T15:47:14","modified_gmt":"2026-05-16T15:47:14","slug":"sesiakampis-h13-ipresuotas-1-2","status":"publish","type":"product","link":"https:\/\/irankiuzona.lt\/ru\/product\/sesiakampis-h13-ipresuotas-1-2\/","title":{"rendered":"\u0160e\u0161iakampis H13 \u012fpresuotas 1\/2"},"content":{"rendered":"<p>Auk\u0161tis 55mm<\/p>","protected":false},"excerpt":{"rendered":"<p>\u0160e\u0161iakampis H13 \u012fpresuotas 1\/2 (HEX13)<\/p>","protected":false},"featured_media":225726,"comment_status":"open","ping_status":"open","template":"","meta":[],"product_cat":[9620],"product_tag":[9778],"class_list":{"0":"post-225724","1":"product","2":"type-product","3":"status-publish","4":"has-post-thumbnail","6":"product_brand-triumf-professional-tools-slovakija","7":"product_cat-1-2-ipresuoti-hex-antgaliai","8":"product_tag-triumf-professional-tools-slovakija","10":"first","11":"instock","12":"purchasable","13":"product-type-simple"},"jetpack_sharing_enabled":true,"_links":{"self":[{"href":"https:\/\/irankiuzona.lt\/ru\/wp-json\/wp\/v2\/product\/225724","targetHints":{"allow":["GET"]}}],"collection":[{"href":"https:\/\/irankiuzona.lt\/ru\/wp-json\/wp\/v2\/product"}],"about":[{"href":"https:\/\/irankiuzona.lt\/ru\/wp-json\/wp\/v2\/types\/product"}],"replies":[{"embeddable":true,"href":"https:\/\/irankiuzona.lt\/ru\/wp-json\/wp\/v2\/comments?post=225724"}],"version-history":[{"count":1,"href":"https:\/\/irankiuzona.lt\/ru\/wp-json\/wp\/v2\/product\/225724\/revisions"}],"predecessor-version":[{"id":410651,"href":"https:\/\/irankiuzona.lt\/ru\/wp-json\/wp\/v2\/product\/225724\/revisions\/410651"}],"wp:featuredmedia":[{"embeddable":true,"href":"https:\/\/irankiuzona.lt\/ru\/wp-json\/wp\/v2\/media\/225726"}],"wp:attachment":[{"href":"https:\/\/irankiuzona.lt\/ru\/wp-json\/wp\/v2\/media?parent=225724"}],"wp:term":[{"taxonomy":"product_cat","embeddable":true,"href":"https:\/\/irankiuzona.lt\/ru\/wp-json\/wp\/v2\/product_cat?post=225724"},{"taxonomy":"product_tag","embeddable":true,"href":"https:\/\/irankiuzona.lt\/ru\/wp-json\/wp\/v2\/product_tag?post=225724"}],"curies":[{"name":"wp","href":"https:\/\/api.w.org\/{rel}","templated":true}]}}