{"id":225926,"date":"2024-09-29T01:50:08","date_gmt":"2024-09-29T01:50:08","guid":{"rendered":"https:\/\/irankiuzona.lt\/product\/duslintuvo-guminiu-tvirtinimu-nuemiklis-360mm\/"},"modified":"2026-04-16T03:14:51","modified_gmt":"2026-04-16T03:14:51","slug":"duslintuvo-guminiu-tvirtinimu-nuemiklis-360mm","status":"publish","type":"product","link":"https:\/\/irankiuzona.lt\/ru\/product\/duslintuvo-guminiu-tvirtinimu-nuemiklis-360mm\/","title":{"rendered":"Duslintuvo gumini\u0173 tvirtinim\u0173 nu\u0117miklis 360mm"},"content":{"rendered":"<p>\u00a0Ilgis 360mm<\/p>","protected":false},"excerpt":{"rendered":"<p>Duslintuvo gumini\u0173 tvirtinim\u0173 nu\u0117miklis 360mm\u00a0<\/p>","protected":false},"featured_media":225928,"comment_status":"open","ping_status":"open","template":"","meta":[],"product_cat":[9537],"product_tag":[9462],"class_list":{"0":"post-225926","1":"product","2":"type-product","3":"status-publish","4":"has-post-thumbnail","6":"product_brand-condor-werkzeug-vokietija","7":"product_cat-duslintuvo-remontui","8":"product_tag-condor-werkzeug-vokietija","10":"first","11":"instock","12":"purchasable","13":"product-type-simple"},"jetpack_sharing_enabled":true,"_links":{"self":[{"href":"https:\/\/irankiuzona.lt\/ru\/wp-json\/wp\/v2\/product\/225926","targetHints":{"allow":["GET"]}}],"collection":[{"href":"https:\/\/irankiuzona.lt\/ru\/wp-json\/wp\/v2\/product"}],"about":[{"href":"https:\/\/irankiuzona.lt\/ru\/wp-json\/wp\/v2\/types\/product"}],"replies":[{"embeddable":true,"href":"https:\/\/irankiuzona.lt\/ru\/wp-json\/wp\/v2\/comments?post=225926"}],"version-history":[{"count":1,"href":"https:\/\/irankiuzona.lt\/ru\/wp-json\/wp\/v2\/product\/225926\/revisions"}],"predecessor-version":[{"id":410711,"href":"https:\/\/irankiuzona.lt\/ru\/wp-json\/wp\/v2\/product\/225926\/revisions\/410711"}],"wp:featuredmedia":[{"embeddable":true,"href":"https:\/\/irankiuzona.lt\/ru\/wp-json\/wp\/v2\/media\/225928"}],"wp:attachment":[{"href":"https:\/\/irankiuzona.lt\/ru\/wp-json\/wp\/v2\/media?parent=225926"}],"wp:term":[{"taxonomy":"product_cat","embeddable":true,"href":"https:\/\/irankiuzona.lt\/ru\/wp-json\/wp\/v2\/product_cat?post=225926"},{"taxonomy":"product_tag","embeddable":true,"href":"https:\/\/irankiuzona.lt\/ru\/wp-json\/wp\/v2\/product_tag?post=225926"}],"curies":[{"name":"wp","href":"https:\/\/api.w.org\/{rel}","templated":true}]}}