{"id":225987,"date":"2024-09-29T01:50:14","date_gmt":"2024-09-29T01:50:14","guid":{"rendered":"https:\/\/irankiuzona.lt\/product\/rankena-su-slankiojancia-jungtimi-1-galvutems-cr-mo-700mm\/"},"modified":"2026-03-28T20:19:01","modified_gmt":"2026-03-28T20:19:01","slug":"rankena-su-slankiojancia-jungtimi-1-galvutems-cr-mo-700mm","status":"publish","type":"product","link":"https:\/\/irankiuzona.lt\/ru\/product\/rankena-su-slankiojancia-jungtimi-1-galvutems-cr-mo-700mm\/","title":{"rendered":"Rankena su slankiojan\u010dia jungtimi 1&quot; galvut\u0117ms Cr-Mo, 700mm"},"content":{"rendered":"<p>Rankena su slankiojan\u010dia jungtimi 1&quot; galvut\u0117ms Cr-Mo, 700mm<\/p>","protected":false},"excerpt":{"rendered":"<p>Rankena su slankiojan\u010dia jungtimi 1&quot; galvut\u0117ms Cr-Mo, 700mm<\/p>","protected":false},"featured_media":225989,"comment_status":"open","ping_status":"open","template":"","meta":[],"product_cat":[9513],"product_tag":[9778],"class_list":{"0":"post-225987","1":"product","2":"type-product","3":"status-publish","4":"has-post-thumbnail","6":"product_brand-triumf-professional-tools-slovakija","7":"product_cat-rankenos-su-slankiojancia-jungtimi","8":"product_tag-triumf-professional-tools-slovakija","10":"first","11":"outofstock","12":"purchasable","13":"product-type-simple"},"jetpack_sharing_enabled":true,"_links":{"self":[{"href":"https:\/\/irankiuzona.lt\/ru\/wp-json\/wp\/v2\/product\/225987","targetHints":{"allow":["GET"]}}],"collection":[{"href":"https:\/\/irankiuzona.lt\/ru\/wp-json\/wp\/v2\/product"}],"about":[{"href":"https:\/\/irankiuzona.lt\/ru\/wp-json\/wp\/v2\/types\/product"}],"replies":[{"embeddable":true,"href":"https:\/\/irankiuzona.lt\/ru\/wp-json\/wp\/v2\/comments?post=225987"}],"version-history":[{"count":1,"href":"https:\/\/irankiuzona.lt\/ru\/wp-json\/wp\/v2\/product\/225987\/revisions"}],"predecessor-version":[{"id":410732,"href":"https:\/\/irankiuzona.lt\/ru\/wp-json\/wp\/v2\/product\/225987\/revisions\/410732"}],"wp:featuredmedia":[{"embeddable":true,"href":"https:\/\/irankiuzona.lt\/ru\/wp-json\/wp\/v2\/media\/225989"}],"wp:attachment":[{"href":"https:\/\/irankiuzona.lt\/ru\/wp-json\/wp\/v2\/media?parent=225987"}],"wp:term":[{"taxonomy":"product_cat","embeddable":true,"href":"https:\/\/irankiuzona.lt\/ru\/wp-json\/wp\/v2\/product_cat?post=225987"},{"taxonomy":"product_tag","embeddable":true,"href":"https:\/\/irankiuzona.lt\/ru\/wp-json\/wp\/v2\/product_tag?post=225987"}],"curies":[{"name":"wp","href":"https:\/\/api.w.org\/{rel}","templated":true}]}}