{"id":226187,"date":"2024-09-29T01:50:32","date_gmt":"2024-09-29T01:50:32","guid":{"rendered":"https:\/\/irankiuzona.lt\/product\/terksle-1-4-60dant-pasukama-rotacine-prailginta-rankena\/"},"modified":"2026-03-28T08:45:24","modified_gmt":"2026-03-28T08:45:24","slug":"terksle-1-4-60dant-pasukama-rotacine-prailginta-rankena","status":"publish","type":"product","link":"https:\/\/irankiuzona.lt\/ru\/product\/terksle-1-4-60dant-pasukama-rotacine-prailginta-rankena\/","title":{"rendered":"TERK\u0160L\u0116 1\/4&quot; 60DANT. PASUKAMA, ROTACINE PRAILGINTA RANKENA"},"content":{"rendered":"<p>\u00a060 dant\u0173 terk\u0161l\u0117<\/p>\n<p>extruded mid-point enables two-direction utilization<br \/>\ndouble-component handle<br \/>\nchromed steel parts<br \/>\nrotary ratchet handle provides fast and\u00a0easy manipulation in areas with difficult access,\u00a0where all motions are limited and\u00a0common use of ratchet mechanism is not possible.\u00a0-Handle rotation in whichever direction transfers\u00a0the rotary motion into one-way rotation of the ratchet-head.<\/p>","protected":false},"excerpt":{"rendered":"<p>TERK\u0160L\u0116 1\/4&quot; 60DANT. PASUKAMA, ROTACINE PRAILGINTA RANKENA<\/p>","protected":false},"featured_media":226189,"comment_status":"open","ping_status":"open","template":"","meta":[],"product_cat":[9827],"product_tag":[9778],"class_list":{"0":"post-226187","1":"product","2":"type-product","3":"status-publish","4":"has-post-thumbnail","6":"product_brand-triumf-professional-tools-slovakija","7":"product_cat-terksles-sukama-rankena","8":"product_tag-triumf-professional-tools-slovakija","10":"first","11":"outofstock","12":"purchasable","13":"product-type-simple"},"jetpack_sharing_enabled":true,"_links":{"self":[{"href":"https:\/\/irankiuzona.lt\/ru\/wp-json\/wp\/v2\/product\/226187","targetHints":{"allow":["GET"]}}],"collection":[{"href":"https:\/\/irankiuzona.lt\/ru\/wp-json\/wp\/v2\/product"}],"about":[{"href":"https:\/\/irankiuzona.lt\/ru\/wp-json\/wp\/v2\/types\/product"}],"replies":[{"embeddable":true,"href":"https:\/\/irankiuzona.lt\/ru\/wp-json\/wp\/v2\/comments?post=226187"}],"version-history":[{"count":1,"href":"https:\/\/irankiuzona.lt\/ru\/wp-json\/wp\/v2\/product\/226187\/revisions"}],"predecessor-version":[{"id":410790,"href":"https:\/\/irankiuzona.lt\/ru\/wp-json\/wp\/v2\/product\/226187\/revisions\/410790"}],"wp:featuredmedia":[{"embeddable":true,"href":"https:\/\/irankiuzona.lt\/ru\/wp-json\/wp\/v2\/media\/226189"}],"wp:attachment":[{"href":"https:\/\/irankiuzona.lt\/ru\/wp-json\/wp\/v2\/media?parent=226187"}],"wp:term":[{"taxonomy":"product_cat","embeddable":true,"href":"https:\/\/irankiuzona.lt\/ru\/wp-json\/wp\/v2\/product_cat?post=226187"},{"taxonomy":"product_tag","embeddable":true,"href":"https:\/\/irankiuzona.lt\/ru\/wp-json\/wp\/v2\/product_tag?post=226187"}],"curies":[{"name":"wp","href":"https:\/\/api.w.org\/{rel}","templated":true}]}}