{"id":226341,"date":"2024-09-29T01:50:46","date_gmt":"2024-09-29T01:50:46","guid":{"rendered":"https:\/\/irankiuzona.lt\/product\/universali-savarza-pusasiu-gumai-nerud-40-125mm-430mm\/"},"modified":"2026-05-14T21:01:03","modified_gmt":"2026-05-14T21:01:03","slug":"universali-savarza-pusasiu-gumai-nerud-40-125mm-430mm","status":"publish","type":"product","link":"https:\/\/irankiuzona.lt\/ru\/product\/universali-savarza-pusasiu-gumai-nerud-40-125mm-430mm\/","title":{"rendered":"Universali s\u0105var\u017ea pusa\u0161i\u0173 gumai ner\u016bd. 40-125mm\/430mm"},"content":{"rendered":"<p>40 &#8211; 125 mm, L = 430 mm<\/p>","protected":false},"excerpt":{"rendered":"<p>Universali s\u0105var\u017ea pusa\u0161i\u0173 gumai ner\u016bd. 40-125mm\/430mm<\/p>","protected":false},"featured_media":226343,"comment_status":"open","ping_status":"open","template":"","meta":[],"product_cat":[9764],"product_tag":[9778],"class_list":{"0":"post-226341","1":"product","2":"type-product","3":"status-publish","4":"has-post-thumbnail","6":"product_brand-triumf-professional-tools-slovakija","7":"product_cat-irankiai-granatoms-pusasiu-gumoms-savarzos","8":"product_tag-triumf-professional-tools-slovakija","10":"first","11":"instock","12":"purchasable","13":"product-type-simple"},"jetpack_sharing_enabled":true,"_links":{"self":[{"href":"https:\/\/irankiuzona.lt\/ru\/wp-json\/wp\/v2\/product\/226341","targetHints":{"allow":["GET"]}}],"collection":[{"href":"https:\/\/irankiuzona.lt\/ru\/wp-json\/wp\/v2\/product"}],"about":[{"href":"https:\/\/irankiuzona.lt\/ru\/wp-json\/wp\/v2\/types\/product"}],"replies":[{"embeddable":true,"href":"https:\/\/irankiuzona.lt\/ru\/wp-json\/wp\/v2\/comments?post=226341"}],"version-history":[{"count":1,"href":"https:\/\/irankiuzona.lt\/ru\/wp-json\/wp\/v2\/product\/226341\/revisions"}],"predecessor-version":[{"id":410842,"href":"https:\/\/irankiuzona.lt\/ru\/wp-json\/wp\/v2\/product\/226341\/revisions\/410842"}],"wp:featuredmedia":[{"embeddable":true,"href":"https:\/\/irankiuzona.lt\/ru\/wp-json\/wp\/v2\/media\/226343"}],"wp:attachment":[{"href":"https:\/\/irankiuzona.lt\/ru\/wp-json\/wp\/v2\/media?parent=226341"}],"wp:term":[{"taxonomy":"product_cat","embeddable":true,"href":"https:\/\/irankiuzona.lt\/ru\/wp-json\/wp\/v2\/product_cat?post=226341"},{"taxonomy":"product_tag","embeddable":true,"href":"https:\/\/irankiuzona.lt\/ru\/wp-json\/wp\/v2\/product_tag?post=226341"}],"curies":[{"name":"wp","href":"https:\/\/api.w.org\/{rel}","templated":true}]}}