{"id":226470,"date":"2024-07-25T10:09:55","date_gmt":"2024-07-25T10:09:55","guid":{"rendered":"https:\/\/irankiuzona.lt\/product\/freza-pirstukine-medziui-761612-mm-2\/"},"modified":"2026-04-12T13:56:24","modified_gmt":"2026-04-12T13:56:24","slug":"freza-pirstukine-medziui-761612-mm-2","status":"publish","type":"product","link":"https:\/\/irankiuzona.lt\/ru\/product\/freza-pirstukine-medziui-761612-mm-2\/","title":{"rendered":"Freza pir\u0161tukin\u0117 med\u017eiui 76*16*12 mm"},"content":{"rendered":"<p>Kotelio skersmuo 12 mm<br \/>\nFrezos skersmuo 76 mm<br \/>\nFrezos darbinis ilgis 16 mm<\/p>\n<p>2 flute bit.Panel raising routing in wood guided by a ball bearing pilot.<\/p>","protected":false},"excerpt":{"rendered":"<p>Kotelio skersmuo 12 mm Frezos skersmuo 76 mm Frezos darbinis ilgis 16 mm 2 flute bit.Panel raising routing in wood guided by a ball bearing pilot.<\/p>","protected":false},"featured_media":226472,"comment_status":"open","ping_status":"open","template":"","meta":[],"product_cat":[9458],"product_tag":[9478],"class_list":{"0":"post-226470","1":"product","2":"type-product","3":"status-publish","4":"has-post-thumbnail","6":"product_brand-leman-prancuzija","7":"product_cat-medzio-frezos","8":"product_tag-leman-prancuzija","10":"first","11":"instock","12":"purchasable","13":"product-type-simple"},"jetpack_sharing_enabled":true,"_links":{"self":[{"href":"https:\/\/irankiuzona.lt\/ru\/wp-json\/wp\/v2\/product\/226470","targetHints":{"allow":["GET"]}}],"collection":[{"href":"https:\/\/irankiuzona.lt\/ru\/wp-json\/wp\/v2\/product"}],"about":[{"href":"https:\/\/irankiuzona.lt\/ru\/wp-json\/wp\/v2\/types\/product"}],"replies":[{"embeddable":true,"href":"https:\/\/irankiuzona.lt\/ru\/wp-json\/wp\/v2\/comments?post=226470"}],"version-history":[{"count":1,"href":"https:\/\/irankiuzona.lt\/ru\/wp-json\/wp\/v2\/product\/226470\/revisions"}],"predecessor-version":[{"id":410884,"href":"https:\/\/irankiuzona.lt\/ru\/wp-json\/wp\/v2\/product\/226470\/revisions\/410884"}],"wp:featuredmedia":[{"embeddable":true,"href":"https:\/\/irankiuzona.lt\/ru\/wp-json\/wp\/v2\/media\/226472"}],"wp:attachment":[{"href":"https:\/\/irankiuzona.lt\/ru\/wp-json\/wp\/v2\/media?parent=226470"}],"wp:term":[{"taxonomy":"product_cat","embeddable":true,"href":"https:\/\/irankiuzona.lt\/ru\/wp-json\/wp\/v2\/product_cat?post=226470"},{"taxonomy":"product_tag","embeddable":true,"href":"https:\/\/irankiuzona.lt\/ru\/wp-json\/wp\/v2\/product_tag?post=226470"}],"curies":[{"name":"wp","href":"https:\/\/api.w.org\/{rel}","templated":true}]}}