{"id":226479,"date":"2024-09-29T01:51:00","date_gmt":"2024-09-29T01:51:00","guid":{"rendered":"https:\/\/irankiuzona.lt\/product\/gelezte-plytelems-betonui-455mm\/"},"modified":"2026-03-24T06:12:13","modified_gmt":"2026-03-24T06:12:13","slug":"gelezte-plytelems-betonui-455mm","status":"publish","type":"product","link":"https:\/\/irankiuzona.lt\/ru\/product\/gelezte-plytelems-betonui-455mm\/","title":{"rendered":"Gele\u017et\u0117 plytel\u0117ms, betonui 455mm"},"content":{"rendered":"<p>Carbide teeth, for small bricks thickness less than 215mm\/365mm. Paving stone and concrete. Low vibration.<\/p>","protected":false},"excerpt":{"rendered":"<p>Gele\u017et\u0117 plytel\u0117ms, betonui 455mm\u00a0<\/p>","protected":false},"featured_media":226481,"comment_status":"open","ping_status":"open","template":"","meta":[],"product_cat":[9834],"product_tag":[9478],"class_list":{"0":"post-226479","1":"product","2":"type-product","3":"status-publish","4":"has-post-thumbnail","6":"product_brand-leman-prancuzija","7":"product_cat-geleztes-betonui","8":"product_tag-leman-prancuzija","10":"first","11":"outofstock","12":"purchasable","13":"product-type-simple"},"jetpack_sharing_enabled":true,"_links":{"self":[{"href":"https:\/\/irankiuzona.lt\/ru\/wp-json\/wp\/v2\/product\/226479","targetHints":{"allow":["GET"]}}],"collection":[{"href":"https:\/\/irankiuzona.lt\/ru\/wp-json\/wp\/v2\/product"}],"about":[{"href":"https:\/\/irankiuzona.lt\/ru\/wp-json\/wp\/v2\/types\/product"}],"replies":[{"embeddable":true,"href":"https:\/\/irankiuzona.lt\/ru\/wp-json\/wp\/v2\/comments?post=226479"}],"version-history":[{"count":1,"href":"https:\/\/irankiuzona.lt\/ru\/wp-json\/wp\/v2\/product\/226479\/revisions"}],"predecessor-version":[{"id":410887,"href":"https:\/\/irankiuzona.lt\/ru\/wp-json\/wp\/v2\/product\/226479\/revisions\/410887"}],"wp:featuredmedia":[{"embeddable":true,"href":"https:\/\/irankiuzona.lt\/ru\/wp-json\/wp\/v2\/media\/226481"}],"wp:attachment":[{"href":"https:\/\/irankiuzona.lt\/ru\/wp-json\/wp\/v2\/media?parent=226479"}],"wp:term":[{"taxonomy":"product_cat","embeddable":true,"href":"https:\/\/irankiuzona.lt\/ru\/wp-json\/wp\/v2\/product_cat?post=226479"},{"taxonomy":"product_tag","embeddable":true,"href":"https:\/\/irankiuzona.lt\/ru\/wp-json\/wp\/v2\/product_tag?post=226479"}],"curies":[{"name":"wp","href":"https:\/\/api.w.org\/{rel}","templated":true}]}}