{"id":226488,"date":"2024-09-29T01:51:01","date_gmt":"2024-09-29T01:51:01","guid":{"rendered":"https:\/\/irankiuzona.lt\/product\/freza-pirstukine-medziui-1430658-mm\/"},"modified":"2026-05-10T07:44:49","modified_gmt":"2026-05-10T07:44:49","slug":"freza-pirstukine-medziui-1430658-mm","status":"publish","type":"product","link":"https:\/\/irankiuzona.lt\/ru\/product\/freza-pirstukine-medziui-1430658-mm\/","title":{"rendered":"Freza pir\u0161tukin\u0117 med\u017eiui 14*30*65*8 mm"},"content":{"rendered":"<p>Kotelio skersmuo 8 mm<br \/>\nFrezos skersmuo 14 mm<br \/>\nFrezos darbinis ilgis 30 mm<br \/>\nFrezos bendras ilgis 65 mm<\/p>\n<p>2 flute with front cut.For jointing groove, tonge and work in to the wood. * the bits diameters less than 7mm, are solid carbide made.<\/p>","protected":false},"excerpt":{"rendered":"<p>Med\u017eio pir\u0161tukin\u0117 freza\u00a014*30*65*8 mm<\/p>","protected":false},"featured_media":226490,"comment_status":"open","ping_status":"open","template":"","meta":[],"product_cat":[9458],"product_tag":[9478],"class_list":{"0":"post-226488","1":"product","2":"type-product","3":"status-publish","4":"has-post-thumbnail","6":"product_brand-leman-prancuzija","7":"product_cat-medzio-frezos","8":"product_tag-leman-prancuzija","10":"first","11":"instock","12":"purchasable","13":"product-type-simple"},"jetpack_sharing_enabled":true,"_links":{"self":[{"href":"https:\/\/irankiuzona.lt\/ru\/wp-json\/wp\/v2\/product\/226488","targetHints":{"allow":["GET"]}}],"collection":[{"href":"https:\/\/irankiuzona.lt\/ru\/wp-json\/wp\/v2\/product"}],"about":[{"href":"https:\/\/irankiuzona.lt\/ru\/wp-json\/wp\/v2\/types\/product"}],"replies":[{"embeddable":true,"href":"https:\/\/irankiuzona.lt\/ru\/wp-json\/wp\/v2\/comments?post=226488"}],"version-history":[{"count":1,"href":"https:\/\/irankiuzona.lt\/ru\/wp-json\/wp\/v2\/product\/226488\/revisions"}],"predecessor-version":[{"id":410890,"href":"https:\/\/irankiuzona.lt\/ru\/wp-json\/wp\/v2\/product\/226488\/revisions\/410890"}],"wp:featuredmedia":[{"embeddable":true,"href":"https:\/\/irankiuzona.lt\/ru\/wp-json\/wp\/v2\/media\/226490"}],"wp:attachment":[{"href":"https:\/\/irankiuzona.lt\/ru\/wp-json\/wp\/v2\/media?parent=226488"}],"wp:term":[{"taxonomy":"product_cat","embeddable":true,"href":"https:\/\/irankiuzona.lt\/ru\/wp-json\/wp\/v2\/product_cat?post=226488"},{"taxonomy":"product_tag","embeddable":true,"href":"https:\/\/irankiuzona.lt\/ru\/wp-json\/wp\/v2\/product_tag?post=226488"}],"curies":[{"name":"wp","href":"https:\/\/api.w.org\/{rel}","templated":true}]}}