{"id":226512,"date":"2024-09-29T02:00:04","date_gmt":"2024-09-29T02:00:04","guid":{"rendered":"https:\/\/irankiuzona.lt\/product\/spyruokliu-suspaudejai-370mm\/"},"modified":"2026-05-16T05:59:46","modified_gmt":"2026-05-16T05:59:46","slug":"spyruokliu-suspaudejai-370mm","status":"publish","type":"product","link":"https:\/\/irankiuzona.lt\/ru\/product\/spyruokliu-suspaudejai-370mm\/","title":{"rendered":"Spyruokli\u0173 suspaud\u0117jai 370mm"},"content":{"rendered":"","protected":false},"excerpt":{"rendered":"<p>Spyruokli\u0173 suspaud\u0117jai 370mm \u00a0<\/p>","protected":false},"featured_media":226514,"comment_status":"open","ping_status":"open","template":"","meta":[],"product_cat":[9723],"product_tag":[9778],"class_list":{"0":"post-226512","1":"product","2":"type-product","3":"status-publish","4":"has-post-thumbnail","6":"product_brand-triumf-professional-tools-slovakija","7":"product_cat-spyruokliu-suspaudimo-irankiai","8":"product_tag-triumf-professional-tools-slovakija","10":"first","11":"outofstock","12":"purchasable","13":"product-type-simple"},"jetpack_sharing_enabled":true,"_links":{"self":[{"href":"https:\/\/irankiuzona.lt\/ru\/wp-json\/wp\/v2\/product\/226512","targetHints":{"allow":["GET"]}}],"collection":[{"href":"https:\/\/irankiuzona.lt\/ru\/wp-json\/wp\/v2\/product"}],"about":[{"href":"https:\/\/irankiuzona.lt\/ru\/wp-json\/wp\/v2\/types\/product"}],"replies":[{"embeddable":true,"href":"https:\/\/irankiuzona.lt\/ru\/wp-json\/wp\/v2\/comments?post=226512"}],"version-history":[{"count":1,"href":"https:\/\/irankiuzona.lt\/ru\/wp-json\/wp\/v2\/product\/226512\/revisions"}],"predecessor-version":[{"id":410898,"href":"https:\/\/irankiuzona.lt\/ru\/wp-json\/wp\/v2\/product\/226512\/revisions\/410898"}],"wp:featuredmedia":[{"embeddable":true,"href":"https:\/\/irankiuzona.lt\/ru\/wp-json\/wp\/v2\/media\/226514"}],"wp:attachment":[{"href":"https:\/\/irankiuzona.lt\/ru\/wp-json\/wp\/v2\/media?parent=226512"}],"wp:term":[{"taxonomy":"product_cat","embeddable":true,"href":"https:\/\/irankiuzona.lt\/ru\/wp-json\/wp\/v2\/product_cat?post=226512"},{"taxonomy":"product_tag","embeddable":true,"href":"https:\/\/irankiuzona.lt\/ru\/wp-json\/wp\/v2\/product_tag?post=226512"}],"curies":[{"name":"wp","href":"https:\/\/api.w.org\/{rel}","templated":true}]}}