{"id":226652,"date":"2024-09-29T02:00:19","date_gmt":"2024-09-29T02:00:19","guid":{"rendered":"https:\/\/irankiuzona.lt\/product\/graztas-metalui-su-kietmetaliu-o-50-x-130-x-200-mm\/"},"modified":"2026-03-27T10:51:46","modified_gmt":"2026-03-27T10:51:46","slug":"graztas-metalui-su-kietmetaliu-o-50-x-130-x-200-mm","status":"publish","type":"product","link":"https:\/\/irankiuzona.lt\/ru\/product\/graztas-metalui-su-kietmetaliu-o-50-x-130-x-200-mm\/","title":{"rendered":"Gr\u0105\u017etas metalui su kietmetaliu \u00d8 5,0 x 130 x 200 mm"},"content":{"rendered":"<p>Drill bit is designed for drilling-out the very hard electrodes or broken-off screwing taps in the glow plug gody. Extra long version improves its accessibility in difficult accessible areas. This drill bit is to be used always with the guide for drilling-out the electrode.<\/p>","protected":false},"excerpt":{"rendered":"<p>Gr\u0105\u017etas metalui su kietmetaliu \u00d8 5,0 x 130 x 200 mm<\/p>","protected":false},"featured_media":226654,"comment_status":"open","ping_status":"open","template":"","meta":[],"product_cat":[9840],"product_tag":[9778],"class_list":{"0":"post-226652","1":"product","2":"type-product","3":"status-publish","4":"has-post-thumbnail","6":"product_brand-triumf-professional-tools-slovakija","7":"product_cat-graztai-metalui-su-kietmetaliu","8":"product_tag-triumf-professional-tools-slovakija","10":"first","11":"outofstock","12":"purchasable","13":"product-type-simple"},"jetpack_sharing_enabled":true,"_links":{"self":[{"href":"https:\/\/irankiuzona.lt\/ru\/wp-json\/wp\/v2\/product\/226652","targetHints":{"allow":["GET"]}}],"collection":[{"href":"https:\/\/irankiuzona.lt\/ru\/wp-json\/wp\/v2\/product"}],"about":[{"href":"https:\/\/irankiuzona.lt\/ru\/wp-json\/wp\/v2\/types\/product"}],"replies":[{"embeddable":true,"href":"https:\/\/irankiuzona.lt\/ru\/wp-json\/wp\/v2\/comments?post=226652"}],"version-history":[{"count":1,"href":"https:\/\/irankiuzona.lt\/ru\/wp-json\/wp\/v2\/product\/226652\/revisions"}],"predecessor-version":[{"id":410937,"href":"https:\/\/irankiuzona.lt\/ru\/wp-json\/wp\/v2\/product\/226652\/revisions\/410937"}],"wp:featuredmedia":[{"embeddable":true,"href":"https:\/\/irankiuzona.lt\/ru\/wp-json\/wp\/v2\/media\/226654"}],"wp:attachment":[{"href":"https:\/\/irankiuzona.lt\/ru\/wp-json\/wp\/v2\/media?parent=226652"}],"wp:term":[{"taxonomy":"product_cat","embeddable":true,"href":"https:\/\/irankiuzona.lt\/ru\/wp-json\/wp\/v2\/product_cat?post=226652"},{"taxonomy":"product_tag","embeddable":true,"href":"https:\/\/irankiuzona.lt\/ru\/wp-json\/wp\/v2\/product_tag?post=226652"}],"curies":[{"name":"wp","href":"https:\/\/api.w.org\/{rel}","templated":true}]}}