{"id":226700,"date":"2024-09-29T02:00:24","date_gmt":"2024-09-29T02:00:24","guid":{"rendered":"https:\/\/irankiuzona.lt\/product\/sepetys-purkstuku-lizdams-19-2mm-0-3mm-3-3mm\/"},"modified":"2026-04-15T02:48:02","modified_gmt":"2026-04-15T02:48:02","slug":"sepetys-purkstuku-lizdams-19-2mm-0-3mm-3-3mm","status":"publish","type":"product","link":"https:\/\/irankiuzona.lt\/ru\/product\/sepetys-purkstuku-lizdams-19-2mm-0-3mm-3-3mm\/","title":{"rendered":"\u0161epetys purk\u0161tuk\u0173 lizdams 19.2mm\/0.3mm\/3.3mm"},"content":{"rendered":"","protected":false},"excerpt":{"rendered":"<p>\u0160epetys purk\u0161tuk\u0173 lizdams 19.2mm\/0.3mm\/3.3mm\u00a0<\/p>","protected":false},"featured_media":226702,"comment_status":"open","ping_status":"open","template":"","meta":[],"product_cat":[9673],"product_tag":[9778],"class_list":{"0":"post-226700","1":"product","2":"type-product","3":"status-publish","4":"has-post-thumbnail","6":"product_brand-triumf-professional-tools-slovakija","7":"product_cat-sepeciai-purkstukams","8":"product_tag-triumf-professional-tools-slovakija","10":"first","11":"outofstock","12":"purchasable","13":"product-type-simple"},"jetpack_sharing_enabled":true,"_links":{"self":[{"href":"https:\/\/irankiuzona.lt\/ru\/wp-json\/wp\/v2\/product\/226700","targetHints":{"allow":["GET"]}}],"collection":[{"href":"https:\/\/irankiuzona.lt\/ru\/wp-json\/wp\/v2\/product"}],"about":[{"href":"https:\/\/irankiuzona.lt\/ru\/wp-json\/wp\/v2\/types\/product"}],"replies":[{"embeddable":true,"href":"https:\/\/irankiuzona.lt\/ru\/wp-json\/wp\/v2\/comments?post=226700"}],"version-history":[{"count":1,"href":"https:\/\/irankiuzona.lt\/ru\/wp-json\/wp\/v2\/product\/226700\/revisions"}],"predecessor-version":[{"id":410947,"href":"https:\/\/irankiuzona.lt\/ru\/wp-json\/wp\/v2\/product\/226700\/revisions\/410947"}],"wp:featuredmedia":[{"embeddable":true,"href":"https:\/\/irankiuzona.lt\/ru\/wp-json\/wp\/v2\/media\/226702"}],"wp:attachment":[{"href":"https:\/\/irankiuzona.lt\/ru\/wp-json\/wp\/v2\/media?parent=226700"}],"wp:term":[{"taxonomy":"product_cat","embeddable":true,"href":"https:\/\/irankiuzona.lt\/ru\/wp-json\/wp\/v2\/product_cat?post=226700"},{"taxonomy":"product_tag","embeddable":true,"href":"https:\/\/irankiuzona.lt\/ru\/wp-json\/wp\/v2\/product_tag?post=226700"}],"curies":[{"name":"wp","href":"https:\/\/api.w.org\/{rel}","templated":true}]}}