{"id":226706,"date":"2024-09-29T02:00:25","date_gmt":"2024-09-29T02:00:25","guid":{"rendered":"https:\/\/irankiuzona.lt\/product\/sepetys-vielinis-susuktas-purkstukams-d18mm\/"},"modified":"2026-04-15T04:51:25","modified_gmt":"2026-04-15T04:51:25","slug":"sepetys-vielinis-susuktas-purkstukams-d18mm","status":"publish","type":"product","link":"https:\/\/irankiuzona.lt\/ru\/product\/sepetys-vielinis-susuktas-purkstukams-d18mm\/","title":{"rendered":"\u0160epetys vielinis susuktas purk\u0161tukams d18mm"},"content":{"rendered":"<p>\u0160epetys vielinis susuktas purk\u0161tukams d18mm<\/p>","protected":false},"excerpt":{"rendered":"<p>\u0160epetys vielinis susuktas purk\u0161tukams d18mm<\/p>","protected":false},"featured_media":226708,"comment_status":"open","ping_status":"open","template":"","meta":[],"product_cat":[9673],"product_tag":[9778],"class_list":{"0":"post-226706","1":"product","2":"type-product","3":"status-publish","4":"has-post-thumbnail","6":"product_brand-triumf-professional-tools-slovakija","7":"product_cat-sepeciai-purkstukams","8":"product_tag-triumf-professional-tools-slovakija","10":"first","11":"outofstock","12":"purchasable","13":"product-type-simple"},"jetpack_sharing_enabled":true,"_links":{"self":[{"href":"https:\/\/irankiuzona.lt\/ru\/wp-json\/wp\/v2\/product\/226706","targetHints":{"allow":["GET"]}}],"collection":[{"href":"https:\/\/irankiuzona.lt\/ru\/wp-json\/wp\/v2\/product"}],"about":[{"href":"https:\/\/irankiuzona.lt\/ru\/wp-json\/wp\/v2\/types\/product"}],"replies":[{"embeddable":true,"href":"https:\/\/irankiuzona.lt\/ru\/wp-json\/wp\/v2\/comments?post=226706"}],"version-history":[{"count":1,"href":"https:\/\/irankiuzona.lt\/ru\/wp-json\/wp\/v2\/product\/226706\/revisions"}],"predecessor-version":[{"id":410949,"href":"https:\/\/irankiuzona.lt\/ru\/wp-json\/wp\/v2\/product\/226706\/revisions\/410949"}],"wp:featuredmedia":[{"embeddable":true,"href":"https:\/\/irankiuzona.lt\/ru\/wp-json\/wp\/v2\/media\/226708"}],"wp:attachment":[{"href":"https:\/\/irankiuzona.lt\/ru\/wp-json\/wp\/v2\/media?parent=226706"}],"wp:term":[{"taxonomy":"product_cat","embeddable":true,"href":"https:\/\/irankiuzona.lt\/ru\/wp-json\/wp\/v2\/product_cat?post=226706"},{"taxonomy":"product_tag","embeddable":true,"href":"https:\/\/irankiuzona.lt\/ru\/wp-json\/wp\/v2\/product_tag?post=226706"}],"curies":[{"name":"wp","href":"https:\/\/api.w.org\/{rel}","templated":true}]}}