{"id":226824,"date":"2024-09-29T02:00:39","date_gmt":"2024-09-29T02:00:39","guid":{"rendered":"https:\/\/irankiuzona.lt\/product\/irankiu-komplektas-ratu-varztams-slapukams-atsukti\/"},"modified":"2026-04-12T17:13:19","modified_gmt":"2026-04-12T17:13:19","slug":"irankiu-komplektas-ratu-varztams-slapukams-atsukti","status":"publish","type":"product","link":"https:\/\/irankiuzona.lt\/ru\/product\/irankiu-komplektas-ratu-varztams-slapukams-atsukti\/","title":{"rendered":"\u012eranki\u0173 komplektas rat\u0173 var\u017etams \/ slapukams atsukti"},"content":{"rendered":"<p>Ilgis 60 mm \u00a0 16,8 &#8211; 18,8 mm  17,8 &#8211; 19,8 mm  18,8 &#8211; 20,8 mm  19,8 &#8211; 21,8 mm  20,8 &#8211; 22,8 mm  21,8 &#8211; 23,8 mm  22,8 &#8211; 24,8 mm  23,8 &#8211; 25,8 mm Du strypeliai 180 mm \u00a0\u00a0 Med\u017eiaga: S45C ir SCM440\u00a0<\/p>","protected":false},"excerpt":{"rendered":"<p>\u012eranki\u0173 komplektas rat\u0173 var\u017etams \/ slapukams atsukti<\/p>","protected":false},"featured_media":226826,"comment_status":"open","ping_status":"open","template":"","meta":[],"product_cat":[9797],"product_tag":[9462],"class_list":{"0":"post-226824","1":"product","2":"type-product","3":"status-publish","4":"has-post-thumbnail","6":"product_brand-condor-werkzeug-vokietija","7":"product_cat-irankiai-ratu-slapukams-atsukti","8":"product_tag-condor-werkzeug-vokietija","10":"first","11":"instock","12":"purchasable","13":"product-type-simple"},"jetpack_sharing_enabled":true,"_links":{"self":[{"href":"https:\/\/irankiuzona.lt\/ru\/wp-json\/wp\/v2\/product\/226824","targetHints":{"allow":["GET"]}}],"collection":[{"href":"https:\/\/irankiuzona.lt\/ru\/wp-json\/wp\/v2\/product"}],"about":[{"href":"https:\/\/irankiuzona.lt\/ru\/wp-json\/wp\/v2\/types\/product"}],"replies":[{"embeddable":true,"href":"https:\/\/irankiuzona.lt\/ru\/wp-json\/wp\/v2\/comments?post=226824"}],"version-history":[{"count":1,"href":"https:\/\/irankiuzona.lt\/ru\/wp-json\/wp\/v2\/product\/226824\/revisions"}],"predecessor-version":[{"id":410988,"href":"https:\/\/irankiuzona.lt\/ru\/wp-json\/wp\/v2\/product\/226824\/revisions\/410988"}],"wp:featuredmedia":[{"embeddable":true,"href":"https:\/\/irankiuzona.lt\/ru\/wp-json\/wp\/v2\/media\/226826"}],"wp:attachment":[{"href":"https:\/\/irankiuzona.lt\/ru\/wp-json\/wp\/v2\/media?parent=226824"}],"wp:term":[{"taxonomy":"product_cat","embeddable":true,"href":"https:\/\/irankiuzona.lt\/ru\/wp-json\/wp\/v2\/product_cat?post=226824"},{"taxonomy":"product_tag","embeddable":true,"href":"https:\/\/irankiuzona.lt\/ru\/wp-json\/wp\/v2\/product_tag?post=226824"}],"curies":[{"name":"wp","href":"https:\/\/api.w.org\/{rel}","templated":true}]}}